{"id":143,"date":"2011-03-11T11:06:03","date_gmt":"2011-03-11T11:06:03","guid":{"rendered":"http:\/\/www.dokosmuskrtkem.cz\/wordpress\/?page_id=143"},"modified":"2011-03-28T13:00:21","modified_gmt":"2011-03-28T13:00:21","slug":"spoluprace-cr-s-nasa","status":"publish","type":"page","link":"https:\/\/www.dokosmuskrtkem.cz\/wordpress\/?page_id=143","title":{"rendered":"Spolupr\u00e1ce \u010cR s NASA"},"content":{"rendered":"<p><a href=\"http:\/\/www.nasa.gov\" target=\"blank\"><img loading=\"lazy\" decoding=\"async\" class=\"alignright size-medium wp-image-200\" title=\"Logo NASA\" src=\"https:\/\/www.dokosmuskrtkem.cz\/wordpress\/wp-content\/uploads\/nasa_logo-300x248.jpg\" alt=\"Logo NASA\" width=\"300\" height=\"248\" srcset=\"https:\/\/www.dokosmuskrtkem.cz\/wordpress\/wp-content\/uploads\/nasa_logo-300x248.jpg 300w, https:\/\/www.dokosmuskrtkem.cz\/wordpress\/wp-content\/uploads\/nasa_logo.jpg 612w\" sizes=\"auto, (max-width: 300px) 100vw, 300px\" \/><\/a>Spolupr\u00e1ce mezi Americk\u00fdm \u00fa\u0159adem pro letectv\u00ed a vesm\u00edr (NASA) a \u010ceskou (\u010ceskoslovenskou) republikou m\u00e1 mnohaletou tradici. Vyzdvihnout m\u016f\u017eeme nap\u0159\u00edklad pr\u00e1ci v\u00fdznamn\u00e9ho \u010desk\u00e9ho astronoma prof. Zde\u0148ka Kopala, jeho\u017e podrobn\u00e9 mapov\u00e1n\u00ed M\u011bs\u00edce umo\u017enilo dob\u0159e vybrat m\u00edsta pro prvn\u00ed p\u0159ist\u00e1n\u00ed \u010dlov\u011bka na M\u011bs\u00edci v r\u00e1mci v\u00fdprav Apollo.<\/p>\n<p>V sou\u010dasn\u00e9 dob\u011b je \u010cesk\u00e1 republika zapojena do \u0161irok\u00e9 mezin\u00e1rodn\u00ed spolupr\u00e1ce mezi Evropskou kosmickou agenturou (ESA) a NASA. Pod\u00edl\u00ed se nap\u0159\u00edklad na v\u00fdvoji kosmick\u00e9ho dalekohledu IXO &#8211; Mezin\u00e1rodn\u00ed rentgenov\u00e9 observato\u0159e a zpracov\u00e1n\u00ed m\u011b\u0159en\u00ed slune\u010dn\u00ed kosmick\u00e9 sondy SOHO.<\/p>\n<p><strong>Americk\u00fd v\u011bdec o spolupr\u00e1ci NASA-\u010cesk\u00e1 republika<\/strong><\/p>\n<p>Harry N. Swenson z\u00a0Amesova v\u00fdzkumn\u00e9ho centra NASA, kter\u00fd pracuje\u00a0 v leteck\u00e9m odd\u011blen\u00ed NASA, je\u017e se zab\u00fdv\u00e1 v\u00fdzkumem kontroly vzdu\u0161n\u00e9ho provozu, vzpom\u00edn\u00e1 na svou pr\u00e1ci v \u010cesk\u00e9 republice:<\/p>\n<p>\u201cVelmi \u00fazce jsem spolupracoval s profesorem Michalem P\u011bchou\u010dkem z \u010cVUT na v\u00fdzkumu t\u00fdkaj\u00edc\u00edho se bezpe\u010dn\u00e9 integrace civiln\u00edho vyu\u017eit\u00ed nepilotovan\u00fdch letoun\u016f (un-manned aerial vehicles, UAV) ve vzdu\u0161n\u00e9m prostoru b\u011bhem sv\u00e9ho \u010dty\u0159m\u011bs\u00ed\u010dn\u00edho pobytu v Praze v roce 2010 v r\u00e1mci v\u011bdeck\u00e9ho programu Velvyslanectv\u00ed USA.<\/p>\n<p>NASA se velmi zaj\u00edm\u00e1 o v\u00fdzkum a technologie, kter\u00e9 umo\u017en\u00ed b\u011b\u017en\u00fd p\u0159\u00edstup nepilotovan\u00fdm letoun\u016fm do n\u00e1rodn\u00edho vzdu\u0161n\u00e9ho prostoru. Projekt t\u00fdmu prof. P\u011bchou\u010dka je v\u011bnov\u00e1n velmi inovativn\u00edmu v\u00fdzkumu bezpe\u010dn\u00e9ho p\u016fsoben\u00ed velk\u00e9ho mno\u017estv\u00ed nepilotovan\u00fdch letoun\u016f pro americkou arm\u00e1du. Tento v\u00fdzkum m\u00e1 tak\u00e9 z\u00e1sadn\u00ed dopad na bezpe\u010dn\u00e9 fungov\u00e1n\u00ed civiln\u00edch nepilotovan\u00fdch letoun\u016f.<\/p>\n<p>B\u011bhem sv\u00e9ho pobytu v Praze jsem z\u00edskal rozs\u00e1hl\u00e9 znalosti o v\u00fdzkumu t\u00fdmu \u010cVUT a o jeho mo\u017en\u00e9 implementaci. Po n\u00e1vratu do NASA jsem o sv\u00fdch pra\u017esk\u00fdch zku\u0161enostech informoval sv\u00e9 kolegy z t\u00fdmu nepilotovan\u00fdch letoun\u016f. Tak\u00e9 se mi v kv\u011btnu 2010 poda\u0159ilo pozvat prof. P\u011bchou\u010dka do Amesova v\u00fdzkumn\u00e9ho st\u0159ediska NASA, aby zde p\u0159edn\u00e1\u0161el o sv\u00e9m projektu. Nyn\u00ed profesor P\u011bchou\u010dek p\u016fsob\u00ed ve Spojen\u00fdch st\u00e1tech jako hostuj\u00edc\u00ed profesor na University of California v Los Angeles. D\u00edky tomu se sna\u017e\u00edme o dal\u0161\u00ed spolupr\u00e1ci.<\/p>\n","protected":false},"excerpt":{"rendered":"<p>Spolupr\u00e1ce mezi Americk\u00fdm \u00fa\u0159adem pro letectv\u00ed a vesm\u00edr (NASA) a \u010ceskou (\u010ceskoslovenskou) republikou m\u00e1 mnohaletou tradici. Vyzdvihnout m\u016f\u017eeme nap\u0159\u00edklad pr\u00e1ci v\u00fdznamn\u00e9ho \u010desk\u00e9ho astronoma prof. Zde\u0148ka Kopala, jeho\u017e podrobn\u00e9 mapov\u00e1n\u00ed M\u011bs\u00edce umo\u017enilo dob\u0159e vybrat m\u00edsta pro prvn\u00ed p\u0159ist\u00e1n\u00ed \u010dlov\u011bka na M\u011bs\u00edci &hellip; <a href=\"https:\/\/www.dokosmuskrtkem.cz\/wordpress\/?page_id=143\">Cel\u00fd p\u0159\u00edsp\u011bvek <span class=\"meta-nav\">&rarr;<\/span><\/a><\/p>\n","protected":false},"author":222,"featured_media":0,"parent":0,"menu_order":0,"comment_status":"closed","ping_status":"open","template":"","meta":{"footnotes":""},"class_list":["post-143","page","type-page","status-publish","hentry"],"_links":{"self":[{"href":"https:\/\/www.dokosmuskrtkem.cz\/wordpress\/index.php?rest_route=\/wp\/v2\/pages\/143","targetHints":{"allow":["GET"]}}],"collection":[{"href":"https:\/\/www.dokosmuskrtkem.cz\/wordpress\/index.php?rest_route=\/wp\/v2\/pages"}],"about":[{"href":"https:\/\/www.dokosmuskrtkem.cz\/wordpress\/index.php?rest_route=\/wp\/v2\/types\/page"}],"author":[{"embeddable":true,"href":"https:\/\/www.dokosmuskrtkem.cz\/wordpress\/index.php?rest_route=\/wp\/v2\/users\/222"}],"replies":[{"embeddable":true,"href":"https:\/\/www.dokosmuskrtkem.cz\/wordpress\/index.php?rest_route=%2Fwp%2Fv2%2Fcomments&post=143"}],"version-history":[{"count":8,"href":"https:\/\/www.dokosmuskrtkem.cz\/wordpress\/index.php?rest_route=\/wp\/v2\/pages\/143\/revisions"}],"predecessor-version":[{"id":402,"href":"https:\/\/www.dokosmuskrtkem.cz\/wordpress\/index.php?rest_route=\/wp\/v2\/pages\/143\/revisions\/402"}],"wp:attachment":[{"href":"https:\/\/www.dokosmuskrtkem.cz\/wordpress\/index.php?rest_route=%2Fwp%2Fv2%2Fmedia&parent=143"}],"curies":[{"name":"wp","href":"https:\/\/api.w.org\/{rel}","templated":true}]}}