{"id":2,"date":"2011-03-03T14:35:39","date_gmt":"2011-03-03T14:35:39","guid":{"rendered":"http:\/\/www.dokosmuskrtkem.cz\/wordpress\/?page_id=2"},"modified":"2011-07-11T07:23:32","modified_gmt":"2011-07-11T07:23:32","slug":"neco-o-me","status":"publish","type":"page","link":"https:\/\/www.dokosmuskrtkem.cz\/wordpress\/?page_id=2","title":{"rendered":"Do kosmu s Krtkem"},"content":{"rendered":"<p><a href=\"https:\/\/www.dokosmuskrtkem.cz\/wordpress\/?page_id=58\"><img loading=\"lazy\" decoding=\"async\" class=\"alignright size-full wp-image-103\" title=\"Logo Do kosmu s Krtkem \u00a9 Zden\u011bk Miler\" src=\"https:\/\/www.dokosmuskrtkem.cz\/wordpress\/wp-content\/uploads\/logo-dokosmu250.jpg\" alt=\"Logo Do kosmu s Krtkem \u00a9 Zden\u011bk Miler\" width=\"250\" height=\"214\" \/><\/a><strong>V\u00edtejte na str\u00e1nk\u00e1ch v\u011bnovan\u00fdch misi STS-134, posledn\u00edmu letu americk\u00e9ho raketopl\u00e1nu Endeavour, na jeho\u017e palub\u011b byla zn\u00e1m\u00e1 postavi\u010dka \u010desk\u00e9ho Krtka ilustr\u00e1tora Zde\u0148ka Milera. <\/strong><\/p>\n<p><strong><\/strong><\/p>\n<p>Slavnou \u010deskou postavi\u010dku si vzal do vesm\u00edru ve sv\u00e9m osobn\u00edm bal\u00ed\u010dku americk\u00fd astronaut <strong><a href=\"https:\/\/www.dokosmuskrtkem.cz\/wordpress\/?cat=5\" target=\"_self\">Andrew Feustel<\/a><\/strong>, kter\u00fd si ji\u017e jednou \u010desk\u00fd p\u0159edm\u011bt do sv\u00e9ho osobn\u00edho bal\u00ed\u010dku zabalil. V kv\u011btnu 2009 si vzal na misi STS-125 k Hubbleovu teleskopu b\u00e1snickou sb\u00edrku Jana Nerudy <a href=\"http:\/\/www.asu.cas.cz\/news\/131_astronaut-andrew-feustel-v-cr-besedy-a-autogramiady\/\"><strong>P\u00edsn\u011b kosmick\u00e9<\/strong><\/a>.<\/p>\n<h4><strong>Doprovodn\u00e9 akce<\/strong><\/h4>\n<p>Ve spolupr\u00e1ci s \u010ceskou kosmickou kancel\u00e1\u0159\u00ed a Astronomick\u00fdm \u00fastavem AV \u010cR p\u0159ipravujilo Americk\u00e9 centrum \u0159adu <a href=\"https:\/\/www.dokosmuskrtkem.cz\/wordpress\/?page_id=48\">doprovodn\u00fdch program\u016f<\/a>, o nich\u017e v\u00e1s budeme na <a href=\"http:\/\/www.facebook.com\/DokosmusKrtkem\" target=\"_blank\">Facebooku<\/a> a t\u00e9to str\u00e1nce informovat.<\/p>\n<p><a class=\"logo\" href=\"http:\/\/www.asu.cas.cz\" target=\"blank\"><img loading=\"lazy\" decoding=\"async\" title=\"Logo Astronomick\u00e9ho \u00fastavu AV\" src=\"https:\/\/www.dokosmuskrtkem.cz\/wordpress\/wp-content\/uploads\/LogoAsU.jpg\" alt=\"Logo Astronomick\u00e9ho \u00fastavu AV\" hspace=\"11\" width=\"80\" height=\"117\" \/><\/a> <a href=\"http:\/\/www.czechspace.cz\/\" target=\"blank\"><img loading=\"lazy\" decoding=\"async\" class=\"logo\" title=\"Logo \u010cesk\u00e9 kosmick\u00e9 kancel\u00e1\u0159e\" src=\"https:\/\/www.dokosmuskrtkem.cz\/wordpress\/wp-content\/uploads\/LogoCSO.gif\" alt=\"Logo \u010cesk\u00e9 kosmick\u00e9 kancel\u00e1\u0159e\" width=\"180\" height=\"73\" \/><\/a> <a href=\"http:\/\/www.usembassy.cz\" target=\"blank\"><img loading=\"lazy\" decoding=\"async\" class=\"logo\" title=\"Logo Velvyslanectv\u00ed USA\" src=\"https:\/\/www.dokosmuskrtkem.cz\/wordpress\/wp-content\/uploads\/US_Emb_logo.gif\" alt=\"Logo Velvyslanectv\u00ed USA\" width=\"80\" height=\"81\" \/><\/a><a href=\"http:\/\/www.americkecentrum.cz\" target=\"_blank\"><img loading=\"lazy\" decoding=\"async\" title=\"Logo Americk\u00e9ho centra\" src=\"https:\/\/www.dokosmuskrtkem.cz\/wordpress\/wp-content\/uploads\/AC-logo160.gif\" alt=\"Logo Americk\u00e9ho centra\" width=\"160\" height=\"66\" \/><\/a><\/p>\n","protected":false},"excerpt":{"rendered":"<p>V\u00edtejte na str\u00e1nk\u00e1ch v\u011bnovan\u00fdch misi STS-134, posledn\u00edmu letu americk\u00e9ho raketopl\u00e1nu Endeavour, na jeho\u017e palub\u011b byla zn\u00e1m\u00e1 postavi\u010dka \u010desk\u00e9ho Krtka ilustr\u00e1tora Zde\u0148ka Milera. Slavnou \u010deskou postavi\u010dku si vzal do vesm\u00edru ve sv\u00e9m osobn\u00edm bal\u00ed\u010dku americk\u00fd astronaut Andrew Feustel, kter\u00fd si ji\u017e &hellip; <a href=\"https:\/\/www.dokosmuskrtkem.cz\/wordpress\/?page_id=2\">Cel\u00fd p\u0159\u00edsp\u011bvek <span class=\"meta-nav\">&rarr;<\/span><\/a><\/p>\n","protected":false},"author":222,"featured_media":0,"parent":0,"menu_order":0,"comment_status":"closed","ping_status":"closed","template":"","meta":{"footnotes":""},"class_list":["post-2","page","type-page","status-publish","hentry"],"_links":{"self":[{"href":"https:\/\/www.dokosmuskrtkem.cz\/wordpress\/index.php?rest_route=\/wp\/v2\/pages\/2","targetHints":{"allow":["GET"]}}],"collection":[{"href":"https:\/\/www.dokosmuskrtkem.cz\/wordpress\/index.php?rest_route=\/wp\/v2\/pages"}],"about":[{"href":"https:\/\/www.dokosmuskrtkem.cz\/wordpress\/index.php?rest_route=\/wp\/v2\/types\/page"}],"author":[{"embeddable":true,"href":"https:\/\/www.dokosmuskrtkem.cz\/wordpress\/index.php?rest_route=\/wp\/v2\/users\/222"}],"replies":[{"embeddable":true,"href":"https:\/\/www.dokosmuskrtkem.cz\/wordpress\/index.php?rest_route=%2Fwp%2Fv2%2Fcomments&post=2"}],"version-history":[{"count":67,"href":"https:\/\/www.dokosmuskrtkem.cz\/wordpress\/index.php?rest_route=\/wp\/v2\/pages\/2\/revisions"}],"predecessor-version":[{"id":895,"href":"https:\/\/www.dokosmuskrtkem.cz\/wordpress\/index.php?rest_route=\/wp\/v2\/pages\/2\/revisions\/895"}],"wp:attachment":[{"href":"https:\/\/www.dokosmuskrtkem.cz\/wordpress\/index.php?rest_route=%2Fwp%2Fv2%2Fmedia&parent=2"}],"curies":[{"name":"wp","href":"https:\/\/api.w.org\/{rel}","templated":true}]}}