{"id":236,"date":"2011-03-21T09:09:21","date_gmt":"2011-03-21T09:09:21","guid":{"rendered":"http:\/\/www.dokosmuskrtkem.cz\/wordpress\/?page_id=236"},"modified":"2011-04-05T07:47:56","modified_gmt":"2011-04-05T07:47:56","slug":"zdenek-miler-posilam-kosmonautovi-krtka-pro-stesti","status":"publish","type":"page","link":"https:\/\/www.dokosmuskrtkem.cz\/wordpress\/?page_id=236","title":{"rendered":"Zden\u011bk Miler: Pos\u00edl\u00e1m astronautovi Krtka pro \u0161t\u011bst\u00ed"},"content":{"rendered":"<div id=\"attachment_125\" style=\"width: 310px\" class=\"wp-caption alignright\"><a href=\"https:\/\/www.dokosmuskrtkem.cz\/wordpress\/wp-content\/uploads\/letter1000.jpg\"><img loading=\"lazy\" decoding=\"async\" aria-describedby=\"caption-attachment-125\" class=\"size-full wp-image-125\" title=\"Pozdrav Zde\u0148ka Milera astronautovi Feustelovi\" src=\"https:\/\/www.dokosmuskrtkem.cz\/wordpress\/wp-content\/uploads\/letter3001.jpg\" alt=\"Klikn\u011bte pro v\u011bt\u0161\u00ed obr\u00e1zek pozdravu Zde\u0148ka Milera astronautovi Feustelovi\" width=\"300\" height=\"210\" \/><\/a><p id=\"caption-attachment-125\" class=\"wp-caption-text\">Pozdrav Zde\u0148ka Milera astronautovi Feustelovi<\/p><\/div>\n<p>Pan Zden\u011bk Miler (90), autor popul\u00e1rn\u00ed postavi\u010dky Krtek a poh\u00e1dky Krtek a raketa, dostal jednoho listopadov\u00e9ho dne lo\u0148sk\u00e9 roku ne\u010dekanou zpr\u00e1vu \u2013 ply\u0161ov\u00e9ho krtka by si cht\u011bl vz\u00edt jeden americk\u00fd astronaut do kosmu na jeho posledn\u00ed let raketopl\u00e1nem. T\u00edm mu\u017eem je Ameri\u010dan Andrew Feustel, kter\u00fd si ho vybral, po porad\u011b s rodinou a \u010desk\u00fdmi p\u0159\u00e1teli, jako talisman pro \u0161t\u011bst\u00ed.<\/p>\n<p>A proto\u017ee pan Miler cel\u00fd \u017eivot d\u00e1val d\u011btem i dosp\u011bl\u00fdm sv\u00fdmi p\u0159\u00edb\u011bhy s Krtkem radost, velmi ho pot\u011b\u0161ilo, \u017ee mal\u00fd ply\u0161ov\u00fd krtek bude doprov\u00e1zet jednoho americk\u00e9ho astronauta na t\u00e9to n\u00e1ro\u010dn\u00e9 misi a zp\u0159\u00edjemn\u00ed mu chv\u00edle daleko od domova.<\/p>\n<p>Brzy bylo z\u0159ejm\u00e9, \u017ee pro vesm\u00edrnou cestu bude muset b\u00fdt vyroben unik\u00e1tn\u00ed ply\u0161ov\u00fd Krtek a tak pan Miler svolil k <strong><a href=\"https:\/\/www.dokosmuskrtkem.cz\/wordpress\/?page_id=51\">\u00faprav\u011b ply\u0161ov\u00e9 figurky<\/a><\/strong> tak, aby se ve\u0161la do osobn\u00edho bal\u00ed\u010dku kosmonauta a spl\u0148ovala dal\u0161\u00ed po\u017eadavky NASA. Prvn\u00ed fotografie z tr\u00e9ningov\u00e9ho st\u0159ediska v Houstonu na sebe nedaly dlouho \u010dekat. Zden\u011bk Miler sledoval, jak Krtek proch\u00e1z\u00ed, s \u00fasm\u011bvem jemu vlastn\u00edm, zkou\u0161kami na trena\u017e\u00e9ru raketopl\u00e1nu. Na jedn\u00e9 z fotografi\u00ed byl s Krtkem i velitel pos\u00e1dky raketopl\u00e1nu Endeavour Mark Kelly, man\u017eel zran\u011bn\u00e9 sen\u00e1torky Gabrielle Giffordsov\u00e9. Pos\u00e1dka bude optimismus Krtka pot\u0159ebovat v\u00edce ne\u017e se zprvu zd\u00e1lo.<\/p>\n<p>S Andrewem Feustelem se pan Miler nikdy nesetkal, ale jeho misi dr\u017e\u00ed palce. S radost\u00ed poslal Feustelov\u00fdm k V\u00e1noc\u016fm kn\u00ed\u017eku Krtek a raketa v anglick\u00e9m p\u0159ekladu s autorov\u00fdm podpisem. Zde\u0148ka Milera pot\u011b\u0161ilo, \u017ee projekt Do vesm\u00edru s Krtkem budou prov\u00e1zet nejr\u016fzn\u011bj\u0161\u00ed vzd\u011bl\u00e1vac\u00ed akce pro \u010desk\u00e9 d\u011bti v r\u016fzn\u00fdch m\u011bstech \u010cR.<\/p>\n<p>K dal\u0161\u00edmu spojen\u00ed Krtka s mis\u00ed STS-134 do\u0161lo p\u0159i vytv\u00e1\u0159en\u00ed speci\u00e1ln\u00edho loga <a href=\"https:\/\/www.dokosmuskrtkem.cz\/wordpress\/wp-content\/uploads\/logo-dokosmuskrtkem1.jpg\" target=\"_blank\"><strong>Do kosmu s Krtkem<\/strong>,<\/a> kter\u00e9mu pan Miler v\u011bnoval velkou pozornost.<\/p>\n<p>Ve chv\u00edli, kdy byl ozn\u00e1men posledn\u00ed term\u00edn p\u0159edpokl\u00e1dan\u00e9ho startu raketopl\u00e1nu Endeavour nato\u010dil Zden\u011bk Miler videopozdrav: \u201eZdrav\u00edm v\u0161echny americk\u00e9 d\u011bti a kosmonautovi panu Feustelovi pos\u00edl\u00e1m Krtka pro \u0161t\u011bst\u00ed.\u201c<\/p>\n<ul>\n<li><strong><a href=\"http:\/\/www.youtube.com\/watch?v=k4lyIi5UChY\" target=\"_blank\">Sledujte pozdrav ilustr\u00e1tora Zde\u0148ka Milera astronautovi Feustelovi<\/a><\/strong><\/li>\n<\/ul>\n","protected":false},"excerpt":{"rendered":"<p>Pan Zden\u011bk Miler (90), autor popul\u00e1rn\u00ed postavi\u010dky Krtek a poh\u00e1dky Krtek a raketa, dostal jednoho listopadov\u00e9ho dne lo\u0148sk\u00e9 roku ne\u010dekanou zpr\u00e1vu \u2013 ply\u0161ov\u00e9ho krtka by si cht\u011bl vz\u00edt jeden americk\u00fd astronaut do kosmu na jeho posledn\u00ed let raketopl\u00e1nem. T\u00edm mu\u017eem &hellip; <a href=\"https:\/\/www.dokosmuskrtkem.cz\/wordpress\/?page_id=236\">Cel\u00fd p\u0159\u00edsp\u011bvek <span class=\"meta-nav\">&rarr;<\/span><\/a><\/p>\n","protected":false},"author":222,"featured_media":0,"parent":0,"menu_order":0,"comment_status":"closed","ping_status":"open","template":"","meta":{"footnotes":""},"class_list":["post-236","page","type-page","status-publish","hentry"],"_links":{"self":[{"href":"https:\/\/www.dokosmuskrtkem.cz\/wordpress\/index.php?rest_route=\/wp\/v2\/pages\/236","targetHints":{"allow":["GET"]}}],"collection":[{"href":"https:\/\/www.dokosmuskrtkem.cz\/wordpress\/index.php?rest_route=\/wp\/v2\/pages"}],"about":[{"href":"https:\/\/www.dokosmuskrtkem.cz\/wordpress\/index.php?rest_route=\/wp\/v2\/types\/page"}],"author":[{"embeddable":true,"href":"https:\/\/www.dokosmuskrtkem.cz\/wordpress\/index.php?rest_route=\/wp\/v2\/users\/222"}],"replies":[{"embeddable":true,"href":"https:\/\/www.dokosmuskrtkem.cz\/wordpress\/index.php?rest_route=%2Fwp%2Fv2%2Fcomments&post=236"}],"version-history":[{"count":27,"href":"https:\/\/www.dokosmuskrtkem.cz\/wordpress\/index.php?rest_route=\/wp\/v2\/pages\/236\/revisions"}],"predecessor-version":[{"id":239,"href":"https:\/\/www.dokosmuskrtkem.cz\/wordpress\/index.php?rest_route=\/wp\/v2\/pages\/236\/revisions\/239"}],"wp:attachment":[{"href":"https:\/\/www.dokosmuskrtkem.cz\/wordpress\/index.php?rest_route=%2Fwp%2Fv2%2Fmedia&parent=236"}],"curies":[{"name":"wp","href":"https:\/\/api.w.org\/{rel}","templated":true}]}}