{"id":28,"date":"2011-03-03T16:06:46","date_gmt":"2011-03-03T16:06:46","guid":{"rendered":"http:\/\/www.dokosmuskrtkem.cz\/wordpress\/?page_id=28"},"modified":"2011-03-21T15:33:33","modified_gmt":"2011-03-21T15:33:33","slug":"zdenek-miler-%e2%80%93-krtek-a-raketa","status":"publish","type":"page","link":"https:\/\/www.dokosmuskrtkem.cz\/wordpress\/?page_id=28","title":{"rendered":"Zden\u011bk Miler \u2013 Krtek a raketa"},"content":{"rendered":"<div id=\"attachment_33\" style=\"width: 235px\" class=\"wp-caption alignright\"><a href=\"https:\/\/www.dokosmuskrtkem.cz\/wordpress\/wp-content\/uploads\/krtek-raketa.jpg\"><img loading=\"lazy\" decoding=\"async\" aria-describedby=\"caption-attachment-33\" class=\"size-medium wp-image-33\" title=\"krtek-raketa\" src=\"https:\/\/www.dokosmuskrtkem.cz\/wordpress\/wp-content\/uploads\/krtek-raketa-225x300.jpg\" alt=\"Obal knihy Krtek a raketa\" width=\"225\" height=\"300\" srcset=\"https:\/\/www.dokosmuskrtkem.cz\/wordpress\/wp-content\/uploads\/krtek-raketa-225x300.jpg 225w, https:\/\/www.dokosmuskrtkem.cz\/wordpress\/wp-content\/uploads\/krtek-raketa.jpg 500w\" sizes=\"auto, (max-width: 225px) 100vw, 225px\" \/><\/a><p id=\"caption-attachment-33\" class=\"wp-caption-text\">Obal knihy Krtek a raketa<\/p><\/div>\n<p>P\u0159\u00edb\u011bh <strong>Krtek a raketa<\/strong> vznikl nejd\u0159\u00edve v podob\u011b filmov\u00e9, a to v roce 1965. Je to v po\u0159ad\u00ed t\u0159et\u00ed film autora Zde\u0148ka Milera s postavi\u010dkou Krtka. Prvn\u00edm byl <strong>Jak krtek ke kalhotk\u00e1m p\u0159i\u0161el<\/strong> (1957) a druh\u00fdm <strong>Krtek a aut\u00ed\u010dko<\/strong> ( 1963). Pan Miler vytvo\u0159il n\u00e1m\u011bt, sc\u00e9n\u00e1\u0159, v\u00fdtvarnou \u010d\u00e1st film\u016f a s\u00e1m je i re\u017e\u00edroval. <strong>Krtek a raketa<\/strong> je tedy film autorsk\u00fd.<\/p>\n<p>Ve filmu <strong>Krtek a raketa<\/strong> Krte\u010dek objev\u00ed pod zem\u00ed nezn\u00e1mou v\u011bc \u2013 raketu. Se zv\u011bdavost\u00ed do n\u00ed vleze a najde v n\u00ed velk\u00fd knofl\u00edk. Co se asi stane, kdy\u017e<br \/>\nho zm\u00e1\u010dkne? Je to zvonek? Trochu se boj\u00ed, ale nakonec knofl\u00edk zkus\u00ed zm\u00e1\u010dknout. M\u00edsto o\u010dek\u00e1van\u00e9ho zazvon\u011bn\u00ed usly\u0161\u00ed sssst, rattta, bum bum\u2026. Raketa nastartuje a vylet\u00ed k oblak\u016fm\u2026 Tento p\u0159\u00edb\u011bh pro\u017e\u00edv\u00e1 Krtek v roce 1965. Autora ani ve snu nenapadlo, \u017ee o 46 let pozd\u011bji polet\u00ed ply\u0161ov\u00e1 figurka Krte\u010dka do Vesm\u00edru doopravdy\u2026<\/p>\n<div id=\"attachment_115\" style=\"width: 310px\" class=\"wp-caption alignright\"><a href=\"https:\/\/www.dokosmuskrtkem.cz\/wordpress\/wp-content\/uploads\/letter1000.jpg\"><img loading=\"lazy\" decoding=\"async\" aria-describedby=\"caption-attachment-115\" class=\"size-full wp-image-115\" title=\"Pozdrav Zde\u0148ka Milera astronautu Feustelovi\" src=\"https:\/\/www.dokosmuskrtkem.cz\/wordpress\/wp-content\/uploads\/letter300.jpg\" alt=\"Pozdrav Zde\u0148ka Milera astronautu Feustelovi\" width=\"300\" height=\"210\" \/><\/a><p id=\"caption-attachment-115\" class=\"wp-caption-text\">Pozdrav Zde\u0148ka Milera astronautu Feustelovi<\/p><\/div>\n<p>Podle filmov\u00e9ho p\u0159\u00edb\u011bhu nakreslil pan Miler n\u00e1sledn\u011b i kn\u00ed\u017eku <strong>Krtek a raketa<\/strong>. Ta byla\u00a0 poprv\u00e9 vyd\u00e1na v tomt\u00e9\u017e roce. Je to jedin\u00fd kni\u017en\u00ed titul s postavi\u010dkou Krtka, ke kter\u00e9mu\u00a0 napsal autor tak\u00e9 text.<\/p>\n<p>Kniha byla p\u0159elo\u017eena do \u0159ady jazyk\u016f \u2013 n\u011bm\u010diny, angli\u010dtiny, ma\u010far\u0161tiny, fin\u0161tiny, ru\u0161tiny a \u010d\u00edn\u0161tiny. Nyn\u00ed se p\u0159ipravuje jej\u00ed vyd\u00e1n\u00ed i v Japonsku. Film <strong>Krtek a raketa<\/strong> pot\u011b\u0161il mal\u00e9 i dosp\u011bl\u00e9 div\u00e1ky v cel\u00e9 \u0159ad\u011b zem\u00ed Evropy, Asie a Afriky.<\/p>\n<p>V Praze dne 2. 3. 2011<br \/>\nMilena Fischerov\u00e1, pr\u00e1vn\u00ed z\u00e1stupkyn\u011b autora<\/p>\n","protected":false},"excerpt":{"rendered":"<p>P\u0159\u00edb\u011bh Krtek a raketa vznikl nejd\u0159\u00edve v podob\u011b filmov\u00e9, a to v roce 1965. Je to v po\u0159ad\u00ed t\u0159et\u00ed film autora Zde\u0148ka Milera s postavi\u010dkou Krtka. Prvn\u00edm byl Jak krtek ke kalhotk\u00e1m p\u0159i\u0161el (1957) a druh\u00fdm Krtek a aut\u00ed\u010dko ( &hellip; <a href=\"https:\/\/www.dokosmuskrtkem.cz\/wordpress\/?page_id=28\">Cel\u00fd p\u0159\u00edsp\u011bvek <span class=\"meta-nav\">&rarr;<\/span><\/a><\/p>\n","protected":false},"author":222,"featured_media":0,"parent":0,"menu_order":0,"comment_status":"closed","ping_status":"closed","template":"","meta":{"footnotes":""},"class_list":["post-28","page","type-page","status-publish","hentry"],"_links":{"self":[{"href":"https:\/\/www.dokosmuskrtkem.cz\/wordpress\/index.php?rest_route=\/wp\/v2\/pages\/28","targetHints":{"allow":["GET"]}}],"collection":[{"href":"https:\/\/www.dokosmuskrtkem.cz\/wordpress\/index.php?rest_route=\/wp\/v2\/pages"}],"about":[{"href":"https:\/\/www.dokosmuskrtkem.cz\/wordpress\/index.php?rest_route=\/wp\/v2\/types\/page"}],"author":[{"embeddable":true,"href":"https:\/\/www.dokosmuskrtkem.cz\/wordpress\/index.php?rest_route=\/wp\/v2\/users\/222"}],"replies":[{"embeddable":true,"href":"https:\/\/www.dokosmuskrtkem.cz\/wordpress\/index.php?rest_route=%2Fwp%2Fv2%2Fcomments&post=28"}],"version-history":[{"count":15,"href":"https:\/\/www.dokosmuskrtkem.cz\/wordpress\/index.php?rest_route=\/wp\/v2\/pages\/28\/revisions"}],"predecessor-version":[{"id":32,"href":"https:\/\/www.dokosmuskrtkem.cz\/wordpress\/index.php?rest_route=\/wp\/v2\/pages\/28\/revisions\/32"}],"wp:attachment":[{"href":"https:\/\/www.dokosmuskrtkem.cz\/wordpress\/index.php?rest_route=%2Fwp%2Fv2%2Fmedia&parent=28"}],"curies":[{"name":"wp","href":"https:\/\/api.w.org\/{rel}","templated":true}]}}