{"id":293,"date":"2011-03-21T15:03:23","date_gmt":"2011-03-21T15:03:23","guid":{"rendered":"http:\/\/www.dokosmuskrtkem.cz\/wordpress\/?page_id=293"},"modified":"2011-04-13T12:12:33","modified_gmt":"2011-04-13T12:12:33","slug":"videa","status":"publish","type":"page","link":"https:\/\/www.dokosmuskrtkem.cz\/wordpress\/?page_id=293","title":{"rendered":"Multim\u00e9dia"},"content":{"rendered":"<h3>Fotogalerie<\/h3>\n<ul>\n<li><a href=\"http:\/\/www.asu.cas.cz\/photogallery-Krtek_TK_2011-198-324\">Fotogalerie Astronomick\u00e9ho \u00fastavu AV \u010cR z tiskov\u00e9 konference<\/a>, na kter\u00e9 byl ozn\u00e1men 22. 3. odlet Krte\u010dka (foto Mgr. Stanislava Kyselov\u00e1 z Akademick\u00e9ho bulletinu)<\/li>\n<li><a href=\"http:\/\/www.flickr.com\/photos\/AmerickeCentrum\" target=\"_blank\">Do kosmu s Krtkem<\/a><\/li>\n<li><a href=\"http:\/\/spaceflight.nasa.gov\/gallery\/images\/shuttle\/sts-134\/ndxpage1.html\" target=\"_blank\">Fotogalerie NASA z p\u0159\u00edprav na misi STS-134<\/a><\/li>\n<\/ul>\n<h3>Videa<\/h3>\n<ul>\n<li><a href=\"http:\/\/www.youtube.com\/watch?v=GP22EDzS9F4\" target=\"_blank\">Pozdrav Andrew Feustela <\/a><\/li>\n<li><a href=\"http:\/\/www.youtube.com\/watch?v=k4lyIi5UChY\" target=\"_blank\">Pozdrav ilustr\u00e1tora Zde\u0148ka Milera astronautovi Feustelovi<\/a><\/li>\n<li><a href=\"http:\/\/www.youtube.com\/watch?v=Nxhho-Xrvow\" target=\"_blank\">Report\u00e1\u017e z Moravsk\u00e9 \u00fast\u0159edny Brno o v\u00fdrob\u011b Krte\u010dka pro NASA<\/a><br \/>\nReport\u00e1\u017e z v\u00fdrobn\u00edho dru\u017estva Moravsk\u00e1 \u00fast\u0159edna Brno o v\u00fdrob\u011b Krte\u010dka, kter\u00e9ho si vezme s sebou na misi STS-134 astronaut Andrew Feustel a kter\u00fd musel vyhovovat p\u0159edpis\u016fm NASA (materi\u00e1ly musely spl\u0148ovat po\u017eadavky na neho\u0159lavost a rozm\u011br musel odpov\u00eddat velikosti osobn\u00edho zavazadla kosmonauta)<\/li>\n<li><a href=\"http:\/\/www.ct24.cz\/svet\/118763-nejstarsi-cesky-kosmonaut-miri-znovu-do-vesmiru\/video\/2\/\" target=\"_blank\">Z\u00e1znam tiskov\u00e9 konference v Americk\u00e9m centru o misi raketopl\u00e1nu Endeavour STS-134 s Krtkem na palub\u011b <\/a> (\u010cesk\u00e1 televize)<\/li>\n<li><a href=\"http:\/\/www.youtube.com\/watch?v=ceF6QWapBw4\" target=\"_blank\">Americk\u00e9 raketopl\u00e1ny<\/a> (rozhovor s Tom\u00e1\u0161em P\u0159ibylem, odborn\u00edkem na kosmonautiku)<\/li>\n<li><a href=\"http:\/\/www.youtube.com\/watch?v=pdB60-_vK1o\" target=\"_blank\">Rozhovor s Ji\u0159\u00edm Du\u0161kem<\/a><\/li>\n<\/ul>\n<h4>Mise STS-134<\/h4>\n<ul>\n<li><a href=\"http:\/\/www.nasa.gov\/multimedia\/videogallery\/index.html?collection_id=14554&amp;media_id=77045351\" target=\"_blank\">Pohled do z\u00e1kulis\u00ed NASA<\/a> \u2014 p\u0159\u00edprava na misi (report\u00e1\u017e v angli\u010dtin\u011b)<\/li>\n<li><a href=\"http:\/\/www.nasaimages.org\/luna\/servlet\/detail\/nasaNAS~7~7~39104~142950:STS-54-Commander-Casper-at-airlock-\" target=\"_blank\">Jak vypadaj\u00ed vzduchot\u011bsn\u00e9 dve\u0159e raketopl\u00e1nu?<\/a><\/li>\n<li><a href=\"http:\/\/www.nasaimages.org\/luna\/servlet\/detail\/nasaNAS~7~7~40022~143868:View-from-airlock-hatch-looking-dow\" target=\"_blank\">Pohled od vzduchot\u011bsn\u00fdch dve\u0159\u00ed do \u00fatrob raketopl\u00e1nu<\/a><\/li>\n<li><a href=\"http:\/\/www.youtube.com\/watch?v=3N5MWhjOhkg\" target=\"_blank\">Uzav\u00edr\u00e1n\u00ed dve\u0159\u00ed raketopl\u00e1nu<\/a><\/li>\n<li><a href=\"http:\/\/www.youtube.com\/watch?v=xqBmvR9XEBI\" target=\"_blank\">Jak se leze do skafandru?<\/a> Astronauti mise STS-134 hovo\u0159\u00ed o p\u0159ipravovan\u00fdch v\u00fdstupech do vesm\u00edru<\/li>\n<\/ul>\n<h4>Osv\u011btov\u00e9 programy Do kosmu s Krtkem<\/h4>\n<ul>\n<li><a href=\"http:\/\/www.youtube.com\/watch?v=-MkZAbe2esM&amp;feature=related\" target=\"_blank\">Do kosmu s Krtkem v Karlov\u00fdch Varech<\/a><br \/>\nReport\u00e1\u017e z prvn\u00ed osv\u011btov\u00e9 cesty Krte\u010dka.<\/li>\n<li><a href=\"http:\/\/www.youtube.com\/watch?v=0U-evPw5GU4\" target=\"_blank\">Krtek v karlovarsk\u00e9 hv\u011bzd\u00e1rn\u011b<\/a><br \/>\nRozhovor s vedouc\u00edm hv\u011bzd\u00e1rny Miroslavem Spurn\u00fdm o programech pro ml\u00e1de\u017e<\/li>\n<\/ul>\n","protected":false},"excerpt":{"rendered":"<p>Fotogalerie Fotogalerie Astronomick\u00e9ho \u00fastavu AV \u010cR z tiskov\u00e9 konference, na kter\u00e9 byl ozn\u00e1men 22. 3. odlet Krte\u010dka (foto Mgr. Stanislava Kyselov\u00e1 z Akademick\u00e9ho bulletinu) Do kosmu s Krtkem Fotogalerie NASA z p\u0159\u00edprav na misi STS-134 Videa Pozdrav Andrew Feustela Pozdrav &hellip; <a href=\"https:\/\/www.dokosmuskrtkem.cz\/wordpress\/?page_id=293\">Cel\u00fd p\u0159\u00edsp\u011bvek <span class=\"meta-nav\">&rarr;<\/span><\/a><\/p>\n","protected":false},"author":222,"featured_media":0,"parent":0,"menu_order":0,"comment_status":"closed","ping_status":"open","template":"","meta":{"footnotes":""},"class_list":["post-293","page","type-page","status-publish","hentry"],"_links":{"self":[{"href":"https:\/\/www.dokosmuskrtkem.cz\/wordpress\/index.php?rest_route=\/wp\/v2\/pages\/293","targetHints":{"allow":["GET"]}}],"collection":[{"href":"https:\/\/www.dokosmuskrtkem.cz\/wordpress\/index.php?rest_route=\/wp\/v2\/pages"}],"about":[{"href":"https:\/\/www.dokosmuskrtkem.cz\/wordpress\/index.php?rest_route=\/wp\/v2\/types\/page"}],"author":[{"embeddable":true,"href":"https:\/\/www.dokosmuskrtkem.cz\/wordpress\/index.php?rest_route=\/wp\/v2\/users\/222"}],"replies":[{"embeddable":true,"href":"https:\/\/www.dokosmuskrtkem.cz\/wordpress\/index.php?rest_route=%2Fwp%2Fv2%2Fcomments&post=293"}],"version-history":[{"count":25,"href":"https:\/\/www.dokosmuskrtkem.cz\/wordpress\/index.php?rest_route=\/wp\/v2\/pages\/293\/revisions"}],"predecessor-version":[{"id":565,"href":"https:\/\/www.dokosmuskrtkem.cz\/wordpress\/index.php?rest_route=\/wp\/v2\/pages\/293\/revisions\/565"}],"wp:attachment":[{"href":"https:\/\/www.dokosmuskrtkem.cz\/wordpress\/index.php?rest_route=%2Fwp%2Fv2%2Fmedia&parent=293"}],"curies":[{"name":"wp","href":"https:\/\/api.w.org\/{rel}","templated":true}]}}