{"id":313,"date":"2011-03-22T08:16:15","date_gmt":"2011-03-22T08:16:15","guid":{"rendered":"http:\/\/www.dokosmuskrtkem.cz\/wordpress\/?page_id=313"},"modified":"2011-08-01T08:52:02","modified_gmt":"2011-08-01T08:52:02","slug":"do-kosmu-s-krtkem-v-mediich","status":"publish","type":"page","link":"https:\/\/www.dokosmuskrtkem.cz\/wordpress\/?page_id=313","title":{"rendered":"Do kosmu s Krtkem v m\u00e9di\u00edch"},"content":{"rendered":"<ul>\n<li><a href=\"http:\/\/praguemonitor.com\/2011\/08\/01\/krtek-returns-space\">Krtek Returns from Space<\/a> (Prague Daily Monitor, 1. srpna 2011)<\/li>\n<li><a href=\"http:\/\/www.ceskenoviny.cz\/video\/detail.php?id=186604\">Video: Astronaut, kter\u00fd vzal do vesm\u00edru Krte\u010dka, nav\u0161t\u00edvil jeho autora<\/a> (29. \u010dervence 2011)<\/li>\n<li><a href=\"http:\/\/aktualne.centrum.cz\/domaci\/regiony\/praha\/clanek.phtml?id=708983\">Astronaut Krte\u010dek dorazil do Prahy. Z\u016fstane dva t\u00fddny<\/a> (29. \u010dervence 2011)<\/li>\n<li><a href=\"http:\/\/tn.nova.cz\/zpravy\/domaci\/krtek-z-vesmiru-je-v-praze-privezl-ho-astronaut-feustel.html\">Krtek z vesm\u00edru je v Praze<\/a> (TV Nova\/TN.cz, 29. \u010dervence 2011)<\/li>\n<li><a href=\"http:\/\/magazin.ceskenoviny.cz\/zpravy\/feustel-usa-budou-nadale-letat-do-vesmiru\/668836\">Feustel: USA budou nad\u00e1le l\u00e9tat do vesm\u00edru<\/a> (\u010cesk\u00e9 noviny, 29. \u010dervence 2011)<\/li>\n<li><a href=\"http:\/\/www.lidovky.cz\/obrazem-feustel-s-krtkem-je-v-praze-due-\/ln_veda.asp?c=A110729_114230_ln_veda_hs\">Feustel s Krtkem je v Praze<\/a> (Lidovky, 29. \u010dervence 2011)<\/li>\n<li><a href=\"http:\/\/technet.idnes.cz\/do-prahy-prijizdi-astronaut-feustel-jeden-z-poslednich-na-palube-raketoplanu-18n-\/tec_vesmir.aspx?c=A110728_210057_tec_vesmir_mla\">Do Prahy p\u0159ilet\u011bl Andrew Feustel, jeden z posledn\u00edch na palub\u011b raketopl\u00e1nu <\/a>(Idnes\/Technet.cz, 29. \u010dervence 2011)<\/li>\n<li><a href=\"http:\/\/www.prvnizpravy.cz\/zpravy\/z-domova\/do-cr-prijede-astronaut-usa-andrew-feustel\/\">Do \u010cR p\u0159ijede astronaut USA Andrew Feustel <\/a>(Prvn\u00ed zpr\u00e1vy, 29. \u010dervence 2011)<\/li>\n<li><a href=\"http:\/\/www.rozhlas.cz\/zpravy\/vesmir\/_zprava\/astronaut-andrew-feustel-prijede-do-prahy-i-s-krteckem--927609\">Astronaut Andrew Feustel p\u0159ijede do Prahy i s Krte\u010dkem<\/a> (\u010cesk\u00fd rozhlas, 29. \u010dervence 2011)<\/li>\n<li><a href=\"http:\/\/domaci.eurozpravy.cz\/spolecnost\/31564-do-prahy-prijede-americky-astronaut-ktery-vzal-krtecka-do-vesmiru\/\">Do \u010ceska p\u0159ijede americk\u00fd astronaut, kter\u00fd vzal Krte\u010dka do vesm\u00edru<\/a> (Eurozpr\u00e1vy, 29. \u010dervence 2011)<\/li>\n<li><a href=\"http:\/\/www.ceskenoviny.cz\/domov\/zpravy\/astronaut-ktery-vynesl-krtka-do-vesmiru-dnes-dorazi-do-prahy\/668490\">Astronaut, kter\u00fd vynesl Krtka do vesm\u00edru, dnes doraz\u00ed do Prahy<\/a> (\u010cesk\u00e9 noviny, 29. \u010dervence 2011)<\/li>\n<li><a href=\"http:\/\/www.lidovky.cz\/feustel-s-krtkem-bude-v-cesku-besedovat-d95-\/ln_veda.asp?c=A110719_120840_ln_veda_spa\">Feustel s Krtkem bude v \u010cesku besedovat<\/a> (Lidovky, 20. \u010dervence 2011)<\/li>\n<li><a href=\"http:\/\/technet.idnes.cz\/raketoplan-endeavour-uspesne-pristal-do-tmy-i-s-krteckem-pzc-\/tec_vesmir.aspx?c=A110601_081951_tec_vesmir_vse\" target=\"_blank\">Raketopl\u00e1n Endeavour \u00fasp\u011b\u0161n\u011b p\u0159ist\u00e1l do tmy. I s krte\u010dkem<\/a> (Technet, 1. \u010dervna 2011 )<\/li>\n<li><a href=\"http:\/\/www.ceskenoviny.cz\/svet\/zpravy\/v-houstonu-je-pred-poslednim-startem-raketoplanu-znat-smutek\/644771\" target=\"_blank\">V Houstonu je p\u0159ed posledn\u00edm startem raketopl\u00e1nu zn\u00e1t smutek<\/a> (\u010cTK, 1. \u010dervna 2011)<\/li>\n<li><a href=\"http:\/\/tn.nova.cz\/zpravy\/zahranici\/primy-prenos-raketoplan-endeavour-pristava-na-zemi.html\" target=\"_blank\">Raketopl\u00e1n ENDEAVOUR P\u0158IST\u00c1L na Zemi<\/a> (TV NOVA, 1. \u010dervna 2011)<\/li>\n<li><a href=\"http:\/\/zpravy.ihned.cz\/svet-usa\/c1-51983840-raketoplan-endeavour-se-vratil-i-s-krteckem-po-pristani-byly-videt-plameny\" target=\"_blank\">Raketopl\u00e1n Endeavour se vr\u00e1til i s Krte\u010dkem. Po p\u0159ist\u00e1n\u00ed byly vid\u011bt plameny<\/a> (iHNed, 1. \u010dervna 2011)<\/li>\n<li><a href=\"http:\/\/www.novinky.cz\/zahranicni\/amerika\/234882-posadka-endeavouru-si-pred-pristanim-zdrimla.html\" target=\"_blank\">Pos\u00e1dka Endeavouru si p\u0159ed p\u0159ist\u00e1n\u00edm zd\u0159\u00edmla<\/a> (Novinky, 31. kv\u011btna 2011)<\/li>\n<li><a href=\"http:\/\/zpravy.idnes.cz\/astronaut-krtecek-se-v-lete-vrati-schwarzenberg-by-ho-chtel-do-znaku-1gn-\/domaci.asp?c=A110530_105151_domaci_brd\" target=\"_blank\">Astronaut krte\u010dek se v l\u00e9t\u011b vr\u00e1t\u00ed, Schwarzenberg by ho cht\u011bl do znaku<\/a> (iDnes, 30. kv\u011btna 2011)<\/li>\n<li><a href=\"http:\/\/www.novinky.cz\/zahranicni\/amerika\/234765-endeavour-miri-k-zemi-krtecka-museli-schvalovat-pravnici.html\" target=\"_blank\">Endeavour m\u00ed\u0159\u00ed k Zemi, Krte\u010dka museli schvalovat pr\u00e1vn\u00edci<\/a> (Novinky, 30. kv\u011btna 2011)<\/li>\n<li><a href=\"http:\/\/www.ceskapozice.cz\/en\/news\/society\/schwarzenberg-quips-krtek%E2%80%99s-tunneling\" target=\"_blank\">Schwarzenberg quips on Krtek\u2019s tunneling<\/a> (Czech Position, 30. kv\u011btna 2011)<\/li>\n<li><a href=\"http:\/\/www.blesk.cz\/clanek\/zpravy-politika\/153910\/schwarzenberg-krtecek-je-tunelar-patri-do-znaku-cr.html \" target=\"_blank\">Schwarzenberg: Krte\u010dek je tunel\u00e1\u0159, pat\u0159\u00ed do znaku \u010cR<\/a> (Blesk, 30. kv\u011btna 2011)<\/li>\n<li><a href=\"http:\/\/www.lidovky.cz\/krtecek-by-mel-byt-ve-znaku-dela-tunely-zertoval-schwarzenberg-pvk-\/ln_zahranici.asp?c=A110530_093417_ln_zahranici_mtr \" target=\"_blank\">&#8218;Krte\u010dek by m\u011bl b\u00fdt ve znaku, d\u011bl\u00e1 tunely&#8216;<\/a> (Lidovky, 30. kv\u011btna 2011)<\/li>\n<li><a href=\"http:\/\/zpravy.idnes.cz\/krtecek-se-louci-s-iss-stredecnim-navratem-skonci-kariera-endeavouru-1jh-\/zahranicni.aspx?c=A110529_155223_zahranicni_abr\" target=\"_blank\">Krte\u010dek se lou\u010d\u00ed s ISS, st\u0159ede\u010dn\u00edm n\u00e1vratem skon\u010d\u00ed kari\u00e9ra Endeavouru<\/a> (iDnes, 29. kv\u011btna 2011)<\/li>\n<li><a href=\"http:\/\/zpravy.idnes.cz\/z-vesmiru-dorazila-prvni-fotografie-krtecka-v-raketoplanu-pa6-\/domaci.asp?c=A110526_082046_zahranicni_js\" target=\"_blank\">Z vesm\u00edru dorazila prvn\u00ed fotografie krte\u010dka v raketopl\u00e1nu<\/a> (iDnes.cz, 26. kv\u011btna, 2011)<\/li>\n<li><a href=\"http:\/\/www.ceskapozice.cz\/en\/news\/society\/krtek-sighted-outer-space\" target=\"_blank\">Krtek sighted in outer space<\/a> (Czech Position, May 26, 2011)<br \/>\n<a href=\"http:\/\/hvezdarna.plzen.eu\/ukazy\/clanky\/2011\/debata\/debata.html \" target=\"_blank\">Raketopl\u00e1ny: Lou\u010den\u00ed po 30 letech<\/a> (Hv\u011bzd\u00e1rna a planet\u00e1rium Plze\u0148, 20. dubna 2011)<\/li>\n<li><a href=\"http:\/\/www.halonoviny.cz\/articles\/view\/218791\" target=\"_blank\">Legend\u00e1rn\u00ed kni\u017en\u00ed a seri\u00e1lov\u00e1 postava polet\u00ed americk\u00fdm raketopl\u00e1nem <\/a><br \/>\n(Hal\u00f3 Noviny \u200e7. 4. 2011\u200e)<\/li>\n<li><a href=\"http:\/\/www.tyden.cz\/rubriky\/veda\/vesmir\/endeavour-s-krteckem-na-palube-odstartuje-se-zpozdenim_198225.html\" target=\"_blank\">Endeavour s Krte\u010dkem na palub\u011b odstartuje se zpo\u017ed\u011bn\u00edm<\/a> (T\u00fdden, 4. dubna 2011)<\/li>\n<li><a href=\"http:\/\/brno.idnes.cz\/do-vesmiru-poleti-s-astronautem-postava-krtka-usita-v-brne-pom-\/brno-zpravy.asp?c=A110330_1557996_brno-zpravy_kol\" target=\"_blank\">Do vesm\u00edru polet\u00ed s astronautem postava Krtka u\u0161it\u00e1 v Brn\u011b<\/a><br \/>\n(iDnes, 30. b\u0159ezna 2011)<\/li>\n<li><a href=\"http:\/\/www.rozhlas.cz\/teens\/poznavej\/_zprava\/druhym-ceskym-astronautem-se-stava-krtek--871119\" target=\"_blank\">Druh\u00fdm \u010desk\u00fdm astronautem se st\u00e1v\u00e1&#8230; Krtek! <\/a>(\u010cesk\u00fd rozhlas, 28. 3. 2011)<\/li>\n<li><a href=\"http:\/\/pardubice.idnes.cz\/krtecek-kosmonaut-prijel-pred-cestou-do-vesmiru-za-detmi-do-pardubic-1ib-\/pardubice-zpravy.asp?c=A110328_1556511_pardubice-zpravy_klu\" target=\"_blank\">Krte\u010dek kosmonaut p\u0159ijel p\u0159ed cestou do vesm\u00edru za d\u011btmi do Pardubic <\/a>(iDnes.cz, 28. 3. 2011)<\/li>\n<li><a href=\"http:\/\/svitavsky.denik.cz\/zpravy_region\/pred-cestou-do-vesmiru-se-krtecek-zastavi-v-8790.html\" target=\"_blank\">P\u0159ed cestou do vesm\u00edru se Krte\u010dek zastav\u00ed v Pardubic\u00edch<\/a> (Den\u00edk.cz, 28. 3. 2011)<\/li>\n<li><a href=\"http:\/\/www.asu.cas.cz\/news\/284_krtecek-poleti-do-vesmiru\/\" target=\"_blank\">Krte\u010dek polet\u00ed do vesm\u00edru<\/a> (Astronomick\u00fd \u00fastav, 22. 3. 2011)<\/li>\n<li><a href=\"http:\/\/www.lidovky.cz\/cesky-krtecek-se-podiva-do-vesmiru-tentokrat-doopravdy-pih-\/ln_veda.asp?c=A110322_125433_ln_veda_spa \" target=\"_blank\">\u010cesk\u00fd Krte\u010dek se pod\u00edv\u00e1 do vesm\u00edru, tentokr\u00e1t doopravdy<\/a> (Lidovky.cz, 22. 3. 2011)<\/li>\n<li><a href=\"http:\/\/www.rozhlas.cz\/zpravy\/vesmir\/_zprava\/krtecek-miri-do-kosmu-doprovodi-endeavour-na-posledni-misi--867975\" target=\"_blank\">Krte\u010dek m\u00ed\u0159\u00ed do kosmu. Doprovod\u00ed Endeavour na posledn\u00ed misi<\/a> (Rozhlas.cz, 22. 3. 2011)<\/li>\n<li><a href=\"http:\/\/www.radio.cz\/cz\/rubrika\/udalosti\/mileruv-krtek-poleti-do-vesmiru\" target=\"_blank\">Miler\u016fv Krtek polet\u00ed do vesm\u00edru<\/a> (Radio Praha, 23. 3. 2011)<\/li>\n<li><a href=\"http:\/\/www.radio.cz\/en\/section\/curraffrs\/giant-leap-for-mole-kind-as-czech-cartoon-character-joins-space-shuttle-crew\" target=\"_blank\">Giant leap for mole-kind as Czech cartoon character joins space shuttle crew<\/a> (Radio Prague, 23. 3. 2011)<\/li>\n<li><a href=\"http:\/\/www.ceskapozice.cz\/en\/news\/society\/krtek-hitch-ride-space-shuttle-endeavour\" target=\"_blank\">Krtek to hitch a ride on space shuttle Endeavour<\/a> (\u010cesk\u00e1 pozice, 22. 3. 2011)<\/li>\n<li><a href=\"http:\/\/aktualne.centrum.cz\/zpravy\/kuriozity\/clanek.phtml?id=694834\" target=\"_blank\">Posledn\u00ed mise Endeavour se z\u00fa\u010dastn\u00ed i astronaut Krte\u010dek<\/a> (Aktu\u00e1ln\u011b.cz, 22. 3. 2011)<\/li>\n<li><a href=\"http:\/\/www.novinky.cz\/domaci\/228501-ceska-republika-ma-dalsiho-astronauta-do-vesmiru-poleti-krtecek.html\" target=\"_blank\">\u010cesk\u00e1 republika m\u00e1 dal\u0161\u00edho astronauta, do vesm\u00edru polet\u00ed Krte\u010dek<\/a> (Novinky.cz, 22. 3. 2011)<\/li>\n<li><a href=\"http:\/\/zahranicni.eurozpravy.cz\/amerika\/24905-krtek-zamiri-do-vesmiru-na-palube-raketoplanu-endeavour\/ \" target=\"_blank\">Krtek zam\u00ed\u0159\u00ed do vesm\u00edru. Na palub\u011b raketopl\u00e1nu Endeavour<\/a> (Eurozpr\u00e1vy.cz, 22. 3. 2011)<\/li>\n<li><a href=\"http:\/\/www.denik.cz\/z_domova\/mileruv-krtecek-poleti-do-raketoplanem-20110322.html\" target=\"_blank\">Miler\u016fv Krte\u010dek polet\u00ed raketopl\u00e1nem Endeavour<\/a> (Den\u00edk, 23. 3. 2011)<\/li>\n<li><a href=\"http:\/\/m.ceskenoviny.cz\/zpravy\/cr-bude-mit-noveho-astronauta-krtecka-poleti-raketoplanem\/612958 \" target=\"_blank\">\u010cR bude m\u00edt nov\u00e9ho &#8222;astronauta&#8220; Krte\u010dka, polet\u00ed raketopl\u00e1nem<\/a> (\u010cesk\u00e9 noviny, 22. 3. 2011)<\/li>\n<li><a href=\"http:\/\/www.tyden.cz\/rubriky\/veda\/vesmir\/krtecek-poleti-do-vesmiru-sveze-ho-raketoplan-endeavour_197049.html \" target=\"_blank\">Krte\u010dek polet\u00ed do vesm\u00edru, sveze ho raketopl\u00e1n Endeavour<\/a> (T\u00fdden, 22. 3. 2011)<\/li>\n<li><a href=\"http:\/\/www.mzv.cz\/washington\/en\/economy_trade\/news\/czech_cartoon_icon_krtek_to_join.html\">Czech cartoon hero Krtek to join astronauts aboard NASA\u2019s space flight<\/a> (MZV \u010cR)<\/li>\n<li><a href=\"http:\/\/www.infofila.cz\/krtecek-a-raketa-skutecnosti-r-2-c-3930\" target=\"_blank\">Krte\u010dek a raketa skute\u010dnost\u00ed<\/a> (Infofila)<\/li>\n<li><a href=\"http:\/\/www.rozhlas.cz\/default\/default\/rnp-player-2.php?id=2295734&amp;drm=1\" target=\"_blank\">Krte\u010dek se chyst\u00e1 do kosmu, na ob\u011b\u017en\u00e9 dr\u00e1ze&#8230;<\/a> (zvukov\u00fd z\u00e1znam po\u0159adu Domino \u010cesk\u00e9ho rozhlasu)<\/li>\n<\/ul>\n<p><strong>Zpr\u00e1vy s videem<\/strong><\/p>\n<ul>\n<li><a href=\"http:\/\/online.wsj.com\/video\/space-shuttle-stowaway-is-a-commie-mole\/F324A0C9-221B-4306-8307-6BF383467DFF.html?mod=WSJ_ITP_PageOne_VideoCarousel_1\" target=\"_blank\">Andrew Feustel hovo\u0159\u00ed o Krtkovi<\/a> (video The Wall Street Journal)<\/li>\n<li><a href=\"http:\/\/www.ct24.cz\/svet\/118763-nejstarsi-cesky-kosmonaut-miri-znovu-do-vesmiru\/\" target=\"_blank\">Nejstar\u0161\u00ed \u010desk\u00fd kosmonaut m\u00ed\u0159\u00ed znovu do vesm\u00edru<\/a> (video na \u010cT1, 21. b\u0159ezna 2011)<\/li>\n<li><a href=\"http:\/\/video.idnes.cz\/?idVideo=V110322_121041_tv-zpravy_krr\" target=\"_blank\">Krte\u010dek m\u00ed\u0159\u00ed do vesm\u00edru jako maskot na posledn\u00ed misi raketopl\u00e1nu<\/a> (video na idnes, 22. 3. 2011)<\/li>\n<\/ul>\n<p><strong>Americk\u00e1 m\u00e9dia o Krtkovi<\/strong><\/p>\n<ul>\n<li><a href=\"http:\/\/online.wsj.com\/article\/SB10001424052748703858404576214352915391860.html\" target=\"_blank\">Space Shuttle Stowaway Is a Commie Mole<\/a> (Wall Street Journal)<\/li>\n<li><a href=\"http:\/\/www.boston.com\/news\/world\/europe\/articles\/2011\/03\/22\/space_is_the_final_frontier_for_czech_child_icon\/ \" target=\"_blank\">Space is the final frontier for Czech child icon<\/a> (Boston Globe)<\/li>\n<li><a href=\"http:\/\/www.foxnews.com\/world\/2011\/03\/22\/space-final-frontier-czech-child-icon\/\" target=\"_blank\">Space is the final frontier for Czech child icon<\/a> (Fox News)<\/li>\n<li><a href=\"http:\/\/www.washingtonpost.com\/world\/czech-cartoon-hero-little-mole-to-go-into-orbit-aboard-space-shuttle-endeavour\/2011\/03\/22\/ABZbkHCB_story.html \" target=\"_blank\">Czech cartoon hero Little Mole to go into orbit aboard space shuttle Endeavour<\/a> (Washington Post)<\/li>\n<li><a href=\"http:\/\/www.iol.co.za\/scitech\/science\/space\/space-the-final-frontier-for-little-mole-1.1045741?cache=0%3Fimage%3D0%3Fimage%3D2%3Fcache%3D0%3Fimage%3D0%3Fimage%3D2%3Fpage%3D1%3FshowComments%3Dtrue?cache=0?image=0?image=2?cache=0?image=0?image=2?page=1?showComments=true\">Space the final frontier for Little Mole<\/a> (IOL Scitech)<\/li>\n<\/ul>\n<p><strong>Sv\u011btov\u00e1 m\u00e9dia o Krtkovi<\/strong><\/p>\n<ul>\n<li><a href=\"http:\/\/www.thevillagesdailysun.com\/news\/local\/article_5788b270-5c14-11e0-9e60-001cc4c002e0.html\" target=\"_blank\">Villagers\u2019 son prepares for historic space shuttle launch, shares details in NASA press conference<\/a> (Villages Daily Sun\u200e)<\/li>\n<li><a href=\"http:\/\/www.google.com\/hostednews\/canadianpress\/article\/ALeqM5igqtLY3Chp7-MeGxGvJDAp5CxALw?docId=6327893\" target=\"_blank\">Czech cartoon hero Little Mole to go into orbit aboard space &#8230; <\/a><br \/>\n(The Canadian Press\u200e)<\/li>\n<li><a href=\"http:\/\/www.topky.sk\/cl\/13\/1251047\/VIDEO-Rozpravkovy-Krtko-poleti-do-vesmiru-Je-to-obrovska-pocta-\" target=\"_blank\">Rozpr\u00e1vkov\u00fd Krtko polet\u00ed do vesm\u00edru: Je to obrovsk\u00e1 pocta!<\/a> (Topky.sk)<\/li>\n<li><a href=\"http:\/\/wiadomosci.gazeta.pl\/Wiadomosci\/1,80355,9331224,Ach_jo__Krecik_leci_w_kosmos.html \" target=\"_blank\">Ach jo! Krecik leci w kosmos<\/a> (Gazety.pl)<\/li>\n<li><a href=\"http:\/\/inforadio.hu\/hir\/eletmod\/hir-421759\">Az \u0171rbe k\u00e9sz\u00fcl a Kisvakond<\/a> (Inforadio.hu)<\/li>\n<li><a href=\"http:\/\/\">Czech &#8218;Little Mole&#8216; toy to fly with NASA<\/a> (China Post)<\/li>\n<li><a href=\"http:\/\/www.taiwannews.com.tw\/etn\/news_content.php?id=1551207\" target=\"_blank\">Space is the final frontier for Czech child icon<\/a> (Taiwan News)<\/li>\n<li><a href=\"http:\/\/\">Space Shuttle Stowaway Is a Commie Mole<\/a> (World News)<\/li>\n<li><a href=\"http:\/\/\">Space is the final frontier for Czech child icon<\/a> (Seattle Post Intelligencer)<\/li>\n<li><a href=\"http:\/\/www1.folha.uol.com.br\/ciencia\/892769-boneco-de-desenho-animado-e-o-novo-tripulante-do-endeavour.shtml\" target=\"_blank\">Boneco de desenho animado \u00e9 o novo tripulante do Endeavour<\/a> (Folha.com)<\/li>\n<\/ul>\n","protected":false},"excerpt":{"rendered":"<p>Krtek Returns from Space (Prague Daily Monitor, 1. srpna 2011) Video: Astronaut, kter\u00fd vzal do vesm\u00edru Krte\u010dka, nav\u0161t\u00edvil jeho autora (29. \u010dervence 2011) Astronaut Krte\u010dek dorazil do Prahy. Z\u016fstane dva t\u00fddny (29. \u010dervence 2011) Krtek z vesm\u00edru je v Praze &hellip; <a href=\"https:\/\/www.dokosmuskrtkem.cz\/wordpress\/?page_id=313\">Cel\u00fd p\u0159\u00edsp\u011bvek <span class=\"meta-nav\">&rarr;<\/span><\/a><\/p>\n","protected":false},"author":222,"featured_media":0,"parent":0,"menu_order":0,"comment_status":"closed","ping_status":"open","template":"","meta":{"footnotes":""},"class_list":["post-313","page","type-page","status-publish","hentry"],"_links":{"self":[{"href":"https:\/\/www.dokosmuskrtkem.cz\/wordpress\/index.php?rest_route=\/wp\/v2\/pages\/313","targetHints":{"allow":["GET"]}}],"collection":[{"href":"https:\/\/www.dokosmuskrtkem.cz\/wordpress\/index.php?rest_route=\/wp\/v2\/pages"}],"about":[{"href":"https:\/\/www.dokosmuskrtkem.cz\/wordpress\/index.php?rest_route=\/wp\/v2\/types\/page"}],"author":[{"embeddable":true,"href":"https:\/\/www.dokosmuskrtkem.cz\/wordpress\/index.php?rest_route=\/wp\/v2\/users\/222"}],"replies":[{"embeddable":true,"href":"https:\/\/www.dokosmuskrtkem.cz\/wordpress\/index.php?rest_route=%2Fwp%2Fv2%2Fcomments&post=313"}],"version-history":[{"count":48,"href":"https:\/\/www.dokosmuskrtkem.cz\/wordpress\/index.php?rest_route=\/wp\/v2\/pages\/313\/revisions"}],"predecessor-version":[{"id":327,"href":"https:\/\/www.dokosmuskrtkem.cz\/wordpress\/index.php?rest_route=\/wp\/v2\/pages\/313\/revisions\/327"}],"wp:attachment":[{"href":"https:\/\/www.dokosmuskrtkem.cz\/wordpress\/index.php?rest_route=%2Fwp%2Fv2%2Fmedia&parent=313"}],"curies":[{"name":"wp","href":"https:\/\/api.w.org\/{rel}","templated":true}]}}