{"id":366,"date":"2011-03-24T15:41:49","date_gmt":"2011-03-24T15:41:49","guid":{"rendered":"http:\/\/www.dokosmuskrtkem.cz\/wordpress\/?page_id=366"},"modified":"2011-03-24T15:46:58","modified_gmt":"2011-03-24T15:46:58","slug":"start-raketoplanu-atlantis-ocima-ceskeho-odbornika-na-kosmonautiku","status":"publish","type":"page","link":"https:\/\/www.dokosmuskrtkem.cz\/wordpress\/?page_id=366","title":{"rendered":"Start raketopl\u00e1nu Atlantis o\u010dima \u010desk\u00e9ho odborn\u00edka na kosmonautiku"},"content":{"rendered":"<p>20. kv\u011btna 2009<\/p>\n<p>Americk\u00fd raketopl\u00e1n Atlantis odstartoval do vesm\u00edru z Kennedyho kosmick\u00e9ho st\u0159ediska na ostrov\u011b <a href=\"http:\/\/upload.wikimedia.org\/wikipedia\/commons\/5\/5c\/Merritt_Island.jpg\" target=\"_blank\">Merritt Island<\/a> v pond\u011bl\u00ed 11. kv\u011btna 2009 ve 20:02 na\u0161eho \u010dasu. Na jeho palub\u011b m\u00ed\u0159\u00ed k Hubbleovu teleskopu krom\u011b sedmi\u010dlenn\u00e9 pos\u00e1dky tak\u00e9 P\u00edsn\u011b kosmick\u00e9 b\u00e1sn\u00edka Jana Nerudy, kter\u00e9 si s sebou vzal jeden z americk\u00fdch astronaut\u016f Andrew Feustel, jeho\u017e man\u017eelka m\u00e1 \u010desk\u00e9 p\u0159edky.<\/p>\n<p>Pos\u00e1dku \u010dek\u00e1 b\u011bhem jej\u00ed jeden\u00e1ctidenn\u00ed mise n\u00e1ro\u010dn\u00fd program \u2013 p\u011bt v\u00fdstup\u016f do vesm\u00edru, p\u0159i kter\u00fdch maj\u00ed astronauti opravit a vym\u011bnit n\u011bkter\u00e9 sou\u010d\u00e1sti unik\u00e1tn\u00edho Hubbleova teleskopu, a t\u00edm zlep\u0161it v\u00fdkon a prodlou\u017eit jeho \u017eivotnost do roku 2014. Astronaut Feustel p\u0159esto vyj\u00e1d\u0159il nad\u011bji, \u017ee bude ve voln\u00fdch chvilk\u00e1ch sv\u00fdm koleg\u016fm p\u0159ed\u010d\u00edtat z anglick\u00e9ho p\u0159ekladu P\u00edsn\u00ed kosmick\u00fdch.<\/p>\n<p>Start raketopl\u00e1nu Atlantis STS-125 popsal pro Velvyslanectv\u00ed USA v Praze \u010desk\u00fd publicista a odborn\u00edk na kosmonautiku Tom\u00e1\u0161 P\u0159ibyl:<\/p>\n<p>Vid\u011bt start raketopl\u00e1nu na vlastn\u00ed o\u010di je \u00fachvatn\u00fd z\u00e1\u017eitek, kter\u00fd se d\u00e1 bez v\u011bt\u0161\u00ed nads\u00e1zky p\u0159irovnat k adrenalinov\u00e9mu sportu. Doslova do posledn\u00ed sekundy nen\u00ed toti\u017e jasn\u00e9, zdali se odpo\u010d\u00edt\u00e1v\u00e1n\u00ed dostane do bodu nula a stroj se skute\u010dn\u011b vznese k obloze.<\/p>\n<p>Pokud se toti\u017e objev\u00ed jak\u00e1koliv nesrovnalost, start je mo\u017en\u00e9 zru\u0161it dokonce pouh\u00e9 dv\u011b sekundy p\u0159ed opu\u0161t\u011bn\u00edm vzletov\u00e9ho komplexu \u2013 tedy ve chv\u00edli, kdy u\u017e t\u00e9m\u011b\u0159 p\u011bt sekund b\u011b\u017e\u00ed hlavn\u00ed raketov\u00e9 motory stroje! Nejde p\u0159itom jen o teoretickou mo\u017enost, proto\u017ee v historii programu se tak u\u017e n\u011bkolikr\u00e1t stalo.<\/p>\n<p>Ov\u0161em pokud \u201eto\u201c vyjde, p\u0159edstavuje start raketopl\u00e1nu vid\u011bn\u00fd vlastn\u00edma o\u010dima \u00fachvatn\u00fd z\u00e1\u017eitek \u2013 stejn\u011b jako celkov\u00e1 atmosf\u00e9ra start prov\u00e1zej\u00edc\u00ed. A nemus\u00edte b\u00fdt p\u0159\u00edmo v \u0159\u00edd\u00edc\u00edm st\u0159edisku, nebo na n\u011bjak\u00e9 ofici\u00e1ln\u00ed VIP tribun\u011b. Sta\u010d\u00ed nav\u0161t\u00edvit n\u011bkterou z pl\u00e1\u017e\u00ed v bl\u00edzkosti Kennedyho kosmick\u00e9ho st\u0159ediska, kam se sj\u00ed\u017ed\u011bj\u00ed nad\u0161enci z cel\u00fdch Spojen\u00fdch st\u00e1t\u016f &#8211; a vlastn\u011b z cel\u00e9ho sv\u011bta.<\/p>\n<p>\u201eStart vlastn\u00edma o\u010dima\u201c je sv\u00fdm zp\u016fsobem jeden velk\u00fd piknik: spr\u00e1vn\u00e9 m\u00edsto je nutn\u00e9 naj\u00edt a zaujmout mnoho hodin p\u0159edem (aby se nestalo, \u017ee start zahl\u00e9dnete jen na p\u016fl oka z automobilu beznad\u011bjn\u011b uv\u00edzl\u00e9ho v kolon\u011b). A pak u\u017e jen \u010dek\u00e1te, po\u010d\u00edt\u00e1te sekundy a hlt\u00e1te ka\u017edou zpr\u00e1vu z r\u00e1dia nebo na internetu. Drama umoc\u0148uje i skute\u010dnost, \u017ee odpo\u010d\u00edt\u00e1v\u00e1n\u00ed je pl\u00e1novan\u011b a neust\u00e1le p\u0159eru\u0161ov\u00e1no. Bude obnoveno? Nevyskytne se n\u011bjak\u00fd z\u00e1ke\u0159n\u00fd probl\u00e9m? Co zhor\u0161uj\u00edc\u00ed se po\u010das\u00ed?<\/p>\n<p>A pak nast\u00e1vaj\u00ed posledn\u00ed sekundy \u2013 a vytou\u017een\u00fd start. Raketopl\u00e1n Atlantis se majest\u00e1tn\u011b zved\u00e1 k obloze (a na palub\u011b nese krom\u011b sedmi astronaut\u016f tak\u00e9 Nerudovy P\u00edsn\u011b kosmick\u00e9, proto\u017ee tch\u00fdn\u011b jednoho z \u010dlen\u016f pos\u00e1dky se narodila v \u010cesk\u00e9 republice). Drama ov\u0161em pokra\u010duje: nad Floridou je n\u00edzk\u00e1 obla\u010dnost, tak\u017ee Atlantis div\u00e1ky nap\u00edn\u00e1. Miz\u00ed v mrac\u00edch, zase se v nich vyno\u0159uje, znovu miz\u00ed, aby se vz\u00e1p\u011bt\u00ed mohl vyno\u0159it. \u010clov\u011bk si pak ka\u017ed\u00e9 sekundy, kdy je schopn\u00fd pozorovat startuj\u00edc\u00ed dvoutis\u00edctunov\u00fd stroj, v\u00e1\u017e\u00ed o to v\u00edce.<\/p>\n<p>Neuplyne ani minuta a Atlantis definitivn\u011b zmiz\u00ed v oblac\u00edch. Teprve v tuto chv\u00edli k n\u00e1m dol\u00e9h\u00e1 vzd\u00e1len\u00fd hukot motor\u016f stroje. Dlouh\u00e9 minuty pak je\u0161t\u011b trv\u00e1, ne\u017e v\u00edtr rozfouk\u00e1 chuchvalce spalin vznikl\u00fdch p\u0159i startu \u2013 nyn\u00ed ji\u017e n\u011bmou vzpom\u00ednku na divadlo, kter\u00e9 se tu p\u0159ed chv\u00edl\u00ed odehr\u00e1lo. Vzpom\u00ednka na \u00fa\u017easn\u00fd z\u00e1\u017eitek ale nezmiz\u00ed nikdy&#8230;<\/p>\n<p>Pokud m\u00e1te z\u00e1jem start raketopl\u00e1nu na vlastn\u00ed o\u010di spat\u0159it, zb\u00fdv\u00e1 ji\u017e jen posledn\u00edch osm mo\u017enost\u00ed \u2013 nejbli\u017e\u0161\u00ed bude ji\u017e 13. \u010dervna 2009. Pot\u00e9 se tento jedine\u010dn\u00fd kosmick\u00fd program uzav\u0159e a definitivn\u011b vstoup\u00ed do historie.<\/p>\n<p>Tom\u00e1\u0161 P\u0159ibyl, <a href=\"http:\/\/www.kosmonaut.cz\/blog\/index.html\" target=\"_blank\">http:\/\/www.kosmonaut.cz\/blog\/index.html<\/a><\/p>\n","protected":false},"excerpt":{"rendered":"<p>20. kv\u011btna 2009 Americk\u00fd raketopl\u00e1n Atlantis odstartoval do vesm\u00edru z Kennedyho kosmick\u00e9ho st\u0159ediska na ostrov\u011b Merritt Island v pond\u011bl\u00ed 11. kv\u011btna 2009 ve 20:02 na\u0161eho \u010dasu. Na jeho palub\u011b m\u00ed\u0159\u00ed k Hubbleovu teleskopu krom\u011b sedmi\u010dlenn\u00e9 pos\u00e1dky tak\u00e9 P\u00edsn\u011b kosmick\u00e9 b\u00e1sn\u00edka &hellip; <a href=\"https:\/\/www.dokosmuskrtkem.cz\/wordpress\/?page_id=366\">Cel\u00fd p\u0159\u00edsp\u011bvek <span class=\"meta-nav\">&rarr;<\/span><\/a><\/p>\n","protected":false},"author":222,"featured_media":0,"parent":0,"menu_order":0,"comment_status":"closed","ping_status":"open","template":"","meta":{"footnotes":""},"class_list":["post-366","page","type-page","status-publish","hentry"],"_links":{"self":[{"href":"https:\/\/www.dokosmuskrtkem.cz\/wordpress\/index.php?rest_route=\/wp\/v2\/pages\/366","targetHints":{"allow":["GET"]}}],"collection":[{"href":"https:\/\/www.dokosmuskrtkem.cz\/wordpress\/index.php?rest_route=\/wp\/v2\/pages"}],"about":[{"href":"https:\/\/www.dokosmuskrtkem.cz\/wordpress\/index.php?rest_route=\/wp\/v2\/types\/page"}],"author":[{"embeddable":true,"href":"https:\/\/www.dokosmuskrtkem.cz\/wordpress\/index.php?rest_route=\/wp\/v2\/users\/222"}],"replies":[{"embeddable":true,"href":"https:\/\/www.dokosmuskrtkem.cz\/wordpress\/index.php?rest_route=%2Fwp%2Fv2%2Fcomments&post=366"}],"version-history":[{"count":4,"href":"https:\/\/www.dokosmuskrtkem.cz\/wordpress\/index.php?rest_route=\/wp\/v2\/pages\/366\/revisions"}],"predecessor-version":[{"id":368,"href":"https:\/\/www.dokosmuskrtkem.cz\/wordpress\/index.php?rest_route=\/wp\/v2\/pages\/366\/revisions\/368"}],"wp:attachment":[{"href":"https:\/\/www.dokosmuskrtkem.cz\/wordpress\/index.php?rest_route=%2Fwp%2Fv2%2Fmedia&parent=366"}],"curies":[{"name":"wp","href":"https:\/\/api.w.org\/{rel}","templated":true}]}}