{"id":392,"date":"2011-03-28T07:41:17","date_gmt":"2011-03-28T07:41:17","guid":{"rendered":"http:\/\/www.dokosmuskrtkem.cz\/wordpress\/?page_id=392"},"modified":"2011-03-28T13:05:53","modified_gmt":"2011-03-28T13:05:53","slug":"vytvarna-soutez-pro-deti","status":"publish","type":"page","link":"https:\/\/www.dokosmuskrtkem.cz\/wordpress\/?page_id=392","title":{"rendered":"V\u00fdtvarn\u00e1 sout\u011b\u017e pro d\u011bti"},"content":{"rendered":"<p><strong>\u010cesk\u00e1 kosmick\u00e1 kancel\u00e1\u0159, Americk\u00e9 centrum Velvyslanectv\u00ed USA v Praze a Astronomick\u00fd \u00fastav AV \u010cR<\/strong> vyhla\u0161uj\u00ed v\u00fdtvarnou sout\u011b\u017e pro d\u011bti<\/p>\n<h3>DO KOSMU S KRTE\u010cKEM<\/h3>\n<p>Sout\u011b\u017e je otev\u0159ena v\u0161em z\u00e1jemc\u016fm ve v\u011bku do 16 rok\u016f v kategori\u00edch<\/p>\n<ul>\n<li>\n<ul>\n<li><strong>2D v\u00fdtvarn\u00e9 um\u011bn\u00ed <\/strong>(kresba, malba, fotografie, max. form\u00e1t A3)<\/li>\n<li><strong>3D v\u00fdtvarn\u00e9 um\u011bn\u00ed<\/strong> (socha, prostorov\u00fd objekt, max. plocha z\u00e1kladny 50&#215;50 cm)<\/li>\n<\/ul>\n<\/li>\n<\/ul>\n<p>Zvl\u00e1\u0161tn\u00ed vyhl\u00e1\u0161enou kategori\u00ed je kategorie <strong>Poezie<\/strong> (\u010desky nebo anglicky, bez dal\u0161\u00edch omezen\u00ed)<\/p>\n<p>T\u00e9ma sout\u011b\u017en\u00edch prac\u00ed se mus\u00ed vztahovat k mimo\u0159\u00e1dn\u00e9 ud\u00e1losti, kterou je kosmick\u00fd let \u201e\u010desk\u00e9ho Krte\u010dka\u201c v raketopl\u00e1nu Endeavour STS-134 na Mezin\u00e1rodn\u00ed kosmickou stanici ISS spole\u010dn\u011b s americk\u00fdm astronautem Andrewem Feustelem. Organiz\u00e1to\u0159i upozor\u0148uj\u00ed, \u017ee sout\u011b\u017en\u00ed pr\u00e1ce mus\u00ed obsahovat nejen t\u00e9matiku \u201eKrte\u010dka\u201c ale i souvisej\u00edc\u00ed t\u00e9matiku vesm\u00edru, cesty do vesm\u00edru, rakety, raketopl\u00e1nu, nebo jak\u00fdchkoliv dal\u0161\u00ed vesm\u00edrnou t\u00e9matiku re\u00e1lnou, b\u00e1jnou \u010di vymy\u0161lenou\u2026<\/p>\n<p>Zp\u016fsob a forma proveden\u00ed, ani \u017e\u00e1dn\u00e9 dal\u0161\u00ed omezen\u00ed sout\u011b\u017en\u00edch prac\u00ed nejsou ur\u010deny. Po\u010det sout\u011b\u017en\u00edch prac\u00ed od jednoho autora omezen nen\u00ed. Sout\u011b\u017e\u00edc\u00ed se m\u016f\u017ee zapojit i do v\u00edce kategori\u00ed.<\/p>\n<p>Sout\u011b\u017e je rozd\u011blena do dvou v\u011bkov\u00fdch skupin<\/p>\n<ul>\n<li>\n<ul>\n<li><strong>do 10 let<\/strong> (ke dni ukon\u010den\u00ed sout\u011b\u017ee, tj. 31.5.2011)<\/li>\n<li><strong>od 10 do 16 let<\/strong> (v roce 2011)<\/li>\n<\/ul>\n<\/li>\n<\/ul>\n<p>V\u00fdtvarn\u00e9 sout\u011b\u017en\u00ed pr\u00e1ce mus\u00ed b\u00fdt p\u0159ed\u00e1ny organiz\u00e1tor\u016fm nejpozd\u011bji <strong>do 31. kv\u011btna 2011<\/strong>, a to v \u201epap\u00edrov\u00e9m\u201c proveden\u00ed (nikoliv pouze elektronicky).<\/p>\n<p>Sout\u011b\u017en\u00ed pr\u00e1ce v kategorii \u201ePoezie\u201c mohou b\u00fdt p\u0159ed\u00e1ny elektronicky na e-mailovou adresu <a href=\"maito:halousek@czechspace.cz\">halousek@czechspace.cz<\/a> v term\u00ednu <strong>do 31. kv\u011btna 2011<\/strong>.<\/p>\n<p>Kontaktn\u00ed adresa pro odevzd\u00e1n\u00ed sout\u011b\u017en\u00edch prac\u00ed (po\u0161tou nebo osobn\u011b):<\/p>\n<p style=\"padding-left: 30px;\"><strong>\u010cesk\u00e1 kosmick\u00e1 kancel\u00e1\u0159 &#8211; Centrum studentsk\u00fdch aktivit<br \/>\nPrvn\u00edho pluku 17<br \/>\n186 00 Praha 8 &#8211; Libe\u0148<\/strong><\/p>\n<p>Kontakt, informace: <strong>Milan Halousek<\/strong>, vedouc\u00ed Odboru vzd\u011bl\u00e1v\u00e1n\u00ed, tel. 602 153 564, e-mail: <a href=\"maito:halousek@czechspace.cz\">halousek@czechspace.cz<\/a><\/p>\n<p>Odevzd\u00e1van\u00e9 sout\u011b\u017en\u00ed pr\u00e1ce mus\u00ed obsahovat na rubov\u00e9 stran\u011b nebo p\u0159ilo\u017een\u00e9m \u0161t\u00edtku: <strong>N\u00e1zev sout\u011b\u017en\u00ed pr\u00e1ce, jm\u00e9no, p\u0159\u00edjmen\u00ed, datum narozen\u00ed a po\u0161tovn\u00ed adresu sout\u011b\u017e\u00edc\u00edho, kontaktn\u00ed e-mail nebo telefon<\/strong>.<\/p>\n<p>Odevzd\u00e1n\u00edm sout\u011b\u017en\u00ed pr\u00e1ce souhlas\u00ed autor se zve\u0159ejn\u011bn\u00edm pr\u00e1ce a z\u00e1kladn\u00edch osobn\u00edch \u00fadaj\u016f (jm\u00e9no, p\u0159\u00edjmen\u00ed, rok narozen\u00ed nebo v\u011bk, m\u011bsto bydli\u0161t\u011b) na webov\u00fdch str\u00e1nk\u00e1ch organiz\u00e1tor\u016f a p\u0159i z\u00e1v\u011bre\u010dn\u00e9 v\u00fdstav\u011b.<\/p>\n<p>V\u00edt\u011bzn\u00e9 pr\u00e1ce budou ocen\u011bny drobn\u00fdmi cenami organiz\u00e1tor\u016f, kter\u00e9 budou v\u00edt\u011bz\u016fm p\u0159ed\u00e1ny na z\u00e1v\u011bre\u010dn\u00e9m slavnostn\u00edm setk\u00e1n\u00ed.\u00a0 Odevzdan\u00e9 v\u00fdtvarn\u00e9 pr\u00e1ce nebudou sout\u011b\u017e\u00edc\u00edm vraceny (mo\u017eno domluvit osobn\u00ed vr\u00e1cen\u00ed p\u0159edev\u0161\u00edm u 3D sout\u011b\u017en\u00edch expon\u00e1t\u016f).<\/p>\n","protected":false},"excerpt":{"rendered":"<p>\u010cesk\u00e1 kosmick\u00e1 kancel\u00e1\u0159, Americk\u00e9 centrum Velvyslanectv\u00ed USA v Praze a Astronomick\u00fd \u00fastav AV \u010cR vyhla\u0161uj\u00ed v\u00fdtvarnou sout\u011b\u017e pro d\u011bti DO KOSMU S KRTE\u010cKEM Sout\u011b\u017e je otev\u0159ena v\u0161em z\u00e1jemc\u016fm ve v\u011bku do 16 rok\u016f v kategori\u00edch 2D v\u00fdtvarn\u00e9 um\u011bn\u00ed (kresba, malba, &hellip; <a href=\"https:\/\/www.dokosmuskrtkem.cz\/wordpress\/?page_id=392\">Cel\u00fd p\u0159\u00edsp\u011bvek <span class=\"meta-nav\">&rarr;<\/span><\/a><\/p>\n","protected":false},"author":222,"featured_media":0,"parent":0,"menu_order":0,"comment_status":"closed","ping_status":"open","template":"","meta":{"footnotes":""},"class_list":["post-392","page","type-page","status-publish","hentry"],"_links":{"self":[{"href":"https:\/\/www.dokosmuskrtkem.cz\/wordpress\/index.php?rest_route=\/wp\/v2\/pages\/392","targetHints":{"allow":["GET"]}}],"collection":[{"href":"https:\/\/www.dokosmuskrtkem.cz\/wordpress\/index.php?rest_route=\/wp\/v2\/pages"}],"about":[{"href":"https:\/\/www.dokosmuskrtkem.cz\/wordpress\/index.php?rest_route=\/wp\/v2\/types\/page"}],"author":[{"embeddable":true,"href":"https:\/\/www.dokosmuskrtkem.cz\/wordpress\/index.php?rest_route=\/wp\/v2\/users\/222"}],"replies":[{"embeddable":true,"href":"https:\/\/www.dokosmuskrtkem.cz\/wordpress\/index.php?rest_route=%2Fwp%2Fv2%2Fcomments&post=392"}],"version-history":[{"count":6,"href":"https:\/\/www.dokosmuskrtkem.cz\/wordpress\/index.php?rest_route=\/wp\/v2\/pages\/392\/revisions"}],"predecessor-version":[{"id":405,"href":"https:\/\/www.dokosmuskrtkem.cz\/wordpress\/index.php?rest_route=\/wp\/v2\/pages\/392\/revisions\/405"}],"wp:attachment":[{"href":"https:\/\/www.dokosmuskrtkem.cz\/wordpress\/index.php?rest_route=%2Fwp%2Fv2%2Fmedia&parent=392"}],"curies":[{"name":"wp","href":"https:\/\/api.w.org\/{rel}","templated":true}]}}