{"id":45,"date":"2011-03-08T12:36:09","date_gmt":"2011-03-08T12:36:09","guid":{"rendered":"http:\/\/www.dokosmuskrtkem.cz\/wordpress\/?page_id=45"},"modified":"2011-03-28T13:06:41","modified_gmt":"2011-03-28T13:06:41","slug":"pro-deti","status":"publish","type":"page","link":"https:\/\/www.dokosmuskrtkem.cz\/wordpress\/?page_id=45","title":{"rendered":"Pro d\u011bti"},"content":{"rendered":"<p><strong>Vyst\u0159ihov\u00e1nka raketopl\u00e1nu Endeavour<\/strong><\/p>\n<ul>\n<li><a href=\"https:\/\/www.dokosmuskrtkem.cz\/wordpress\/wp-content\/uploads\/raketoplan1.pdf\" target=\"_blank\">P\u0159edn\u00ed strana vyst\u0159ihov\u00e1nky<\/a><\/li>\n<li><a href=\"https:\/\/www.dokosmuskrtkem.cz\/wordpress\/wp-content\/uploads\/raketoplan2.pdf\" target=\"_blank\">Raketopl\u00e1n k vyst\u0159i\u017een\u00ed s n\u00e1vodem<\/a><\/li>\n<\/ul>\n<p><a href=\"https:\/\/www.dokosmuskrtkem.cz\/wordpress\/?page_id=392\"><strong>V\u00fdtvarn\u00e1 sout\u011b\u017e<\/strong><\/a><\/p>\n<p>\u010cesk\u00e1 kosmick\u00e1 kancel\u00e1\u0159, Americk\u00e9 centrum Velvyslanectv\u00ed USA v Praze a Astronomick\u00fd \u00fastav AV \u010cR vyhla\u0161uj\u00ed v\u00fdtvarnou sout\u011b\u017e pro d\u011bti &#8222;Do kosmu s Krte\u010dkem&#8220;. T\u00e9ma sout\u011b\u017en\u00edch prac\u00ed se mus\u00ed vztahovat k mimo\u0159\u00e1dn\u00e9 ud\u00e1losti, kterou je kosmick\u00fd let \u201e\u010desk\u00e9ho Krte\u010dka\u201c v raketopl\u00e1nu Endeavour STS-134 na Mezin\u00e1rodn\u00ed kosmickou stanici ISS spole\u010dn\u011b s americk\u00fdm astronautem Andrewem Feustelem.<\/p>\n<p><strong>Hry Astronomick\u00e9ho \u00fastavu AV<\/strong><\/p>\n<ul>\n<li><a href=\"http:\/\/www.asu.cas.cz\/pexeso\" target=\"_blank\">Vesm\u00edrn\u00e9 pexeso<\/a><\/li>\n<li><a href=\"http:\/\/www.asu.cas.cz\/photogallery-omalovankyslunce-82-70\" target=\"_blank\">Omalov\u00e1nky Slunce (Deset vlastnost\u00ed Slunce)<\/a><\/li>\n<li><a href=\"http:\/\/www.asu.cas.cz\/test-znalosti\" target=\"_blank\">Otestuj sv\u00e9 znalosti o vesm\u00edru!<\/a><\/li>\n<\/ul>\n<p><strong>Hry NASA<\/strong><\/p>\n<ul>\n<li><a href=\"http:\/\/www.nasa.gov\/audience\/forkids\/kidsclub\/flash\/clubhouse\/Space_Lunch.html\" target=\"_blank\">Space Lunch (Vesm\u00edrn\u00fd ob\u011bd)<\/a><\/li>\n<li><a href=\"http:\/\/www.nasa.gov\/audience\/forkids\/kidsclub\/flash\/currentevent\/STS-133_Cosmic_Corridor.html\" target=\"_blank\">Cosmic Corridor (Chodba v kosmu)<\/a><\/li>\n<li><a href=\"http:\/\/www.nasa.gov\/audience\/forkids\/kidsclub\/flash\/clubhouse\/Color_NASA.html\" target=\"_blank\">Color NASA (Online omalov\u00e1nky NASA)<\/a><\/li>\n<li><a href=\"http:\/\/beamartian.jpl.nasa.gov\/welcome\" target=\"_blank\">Be A Martial! (Bu\u010f Mar\u0165anem!)<\/a><\/li>\n<li><a href=\"http:\/\/www.nasa.gov\/audience\/forkids\/kidsclub\/flash\/index.html\" target=\"_blank\">NASA Kids&#8216; Club<\/a><\/li>\n<\/ul>\n","protected":false},"excerpt":{"rendered":"<p>Vyst\u0159ihov\u00e1nka raketopl\u00e1nu Endeavour P\u0159edn\u00ed strana vyst\u0159ihov\u00e1nky Raketopl\u00e1n k vyst\u0159i\u017een\u00ed s n\u00e1vodem V\u00fdtvarn\u00e1 sout\u011b\u017e \u010cesk\u00e1 kosmick\u00e1 kancel\u00e1\u0159, Americk\u00e9 centrum Velvyslanectv\u00ed USA v Praze a Astronomick\u00fd \u00fastav AV \u010cR vyhla\u0161uj\u00ed v\u00fdtvarnou sout\u011b\u017e pro d\u011bti &#8222;Do kosmu s Krte\u010dkem&#8220;. T\u00e9ma sout\u011b\u017en\u00edch prac\u00ed se &hellip; <a href=\"https:\/\/www.dokosmuskrtkem.cz\/wordpress\/?page_id=45\">Cel\u00fd p\u0159\u00edsp\u011bvek <span class=\"meta-nav\">&rarr;<\/span><\/a><\/p>\n","protected":false},"author":222,"featured_media":0,"parent":0,"menu_order":0,"comment_status":"closed","ping_status":"open","template":"","meta":{"footnotes":""},"class_list":["post-45","page","type-page","status-publish","hentry"],"_links":{"self":[{"href":"https:\/\/www.dokosmuskrtkem.cz\/wordpress\/index.php?rest_route=\/wp\/v2\/pages\/45","targetHints":{"allow":["GET"]}}],"collection":[{"href":"https:\/\/www.dokosmuskrtkem.cz\/wordpress\/index.php?rest_route=\/wp\/v2\/pages"}],"about":[{"href":"https:\/\/www.dokosmuskrtkem.cz\/wordpress\/index.php?rest_route=\/wp\/v2\/types\/page"}],"author":[{"embeddable":true,"href":"https:\/\/www.dokosmuskrtkem.cz\/wordpress\/index.php?rest_route=\/wp\/v2\/users\/222"}],"replies":[{"embeddable":true,"href":"https:\/\/www.dokosmuskrtkem.cz\/wordpress\/index.php?rest_route=%2Fwp%2Fv2%2Fcomments&post=45"}],"version-history":[{"count":14,"href":"https:\/\/www.dokosmuskrtkem.cz\/wordpress\/index.php?rest_route=\/wp\/v2\/pages\/45\/revisions"}],"predecessor-version":[{"id":406,"href":"https:\/\/www.dokosmuskrtkem.cz\/wordpress\/index.php?rest_route=\/wp\/v2\/pages\/45\/revisions\/406"}],"wp:attachment":[{"href":"https:\/\/www.dokosmuskrtkem.cz\/wordpress\/index.php?rest_route=%2Fwp%2Fv2%2Fmedia&parent=45"}],"curies":[{"name":"wp","href":"https:\/\/api.w.org\/{rel}","templated":true}]}}