{"id":48,"date":"2011-03-08T12:37:03","date_gmt":"2011-03-08T12:37:03","guid":{"rendered":"http:\/\/www.dokosmuskrtkem.cz\/wordpress\/?page_id=48"},"modified":"2011-04-18T08:38:57","modified_gmt":"2011-04-18T08:38:57","slug":"doprovodne-akce","status":"publish","type":"page","link":"https:\/\/www.dokosmuskrtkem.cz\/wordpress\/?page_id=48","title":{"rendered":"Akce projektu"},"content":{"rendered":"<p>Americk\u00e9 centrum ve spolupr\u00e1ci s \u010ceskou kosmickou kancel\u00e1\u0159\u00ed p\u0159ipravilo s\u00e9rii program\u016f pro d\u011bti i ve\u0159ejnost.<\/p>\n<p><strong>15. 3. \u2014 30. 4. 2011, 17:30 hodin<\/strong><br \/>\n<strong>V\u00fdstava Vzh\u016fru ke hv\u011bzd\u00e1m!<\/strong><br \/>\nAmerick\u00e9 centrum, Tr\u017ei\u0161t\u011b 13, Praha 1<\/p>\n<p>V\u00fdstava Milana Halouska, vedouc\u00edho vzd\u011bl\u00e1v\u00e1c\u00edch program\u016f \u010cesk\u00e9 kosmick\u00e9 kancel\u00e1\u0159e, V\u00e1s v Americk\u00e9m centru provede histori\u00ed americk\u00fdch raketopl\u00e1n\u016f od roku 1981 a\u017e po sou\u010dasnost. Prost\u0159ednictv\u00edm stovky fotografi\u00ed se sezn\u00e1m\u00edte s \u010dleny pos\u00e1dek jednotliv\u00fdch let\u016f. V knihovn\u011b Americk\u00e9ho centra bude k vid\u011bn\u00ed tak\u00e9 40 model\u016f raketopl\u00e1n\u016f (velikosti od 1cm po 70 cm). V\u00fdstava se kon\u00e1 u p\u0159\u00edle\u017eitosti 30. v\u00fdro\u010d\u00ed zah\u00e1jen\u00ed letu americk\u00fdch raketopl\u00e1n\u016f a z\u00e1rove\u0148 u p\u0159\u00edle\u017eitosti leto\u0161n\u00edch posledn\u00edch let\u016f raketopl\u00e1n\u016f.<\/p>\n<p><strong>\u00fater\u00fd 22. 3. 2011, 10:00 hodin<\/strong><br \/>\nAmerick\u00e9 centrum, Tr\u017ei\u0161t\u011b 13, Praha 1<br \/>\n<strong>Tiskov\u00e1 konference za \u00fa\u010dasti velvyslance USA v \u010cR a p\u0159edsedy AV \u010cR<\/strong><\/p>\n<p><strong>\u00fater\u00fd 22. 3. 2011, 12:00 hodin<\/strong><br \/>\nAmerick\u00e9 centrum, Tr\u017ei\u0161t\u011b 13, Praha 1<br \/>\nProgramov\u00fd blok pro st\u0159edn\u00ed \u0161koly<\/p>\n<p><strong>st\u0159eda 23. 3. 2011<\/strong><br \/>\nKrajsk\u00e1 knihovna Karlovy Vary<br \/>\nDva dopoledn\u00ed programov\u00e9 bloky pro z\u00e1kladn\u00ed \u0161koly<\/p>\n<p><strong>p\u00e1tek 25. 3. 2011<\/strong><br \/>\nAmerick\u00e9 centrum, Tr\u017ei\u0161t\u011b 13, Praha 1<br \/>\nProgramov\u00fd blok pro st\u0159edn\u00ed \u0161kol<\/p>\n<p><a href=\"https:\/\/www.dokosmuskrtkem.cz\/wordpress\/?page_id=392\"><strong>Vyhl\u00e1\u0161en\u00ed v\u00fdtvarn\u00e9 sout\u011b\u017ee pro d\u011bti<\/strong><\/a><\/p>\n<p>\u010cesk\u00e1 kosmick\u00e1 kancel\u00e1\u0159, Americk\u00e9 centrum Velvyslanectv\u00ed USA v Praze a Astronomick\u00fd \u00fastav AV \u010cR vyhla\u0161uj\u00ed v\u00fdtvarnou sout\u011b\u017e pro d\u011bti &#8222;Do kosmu s Krte\u010dkem&#8220;. T\u00e9ma sout\u011b\u017en\u00edch prac\u00ed se mus\u00ed vztahovat k mimo\u0159\u00e1dn\u00e9 ud\u00e1losti, kterou je kosmick\u00fd let \u201e\u010desk\u00e9ho Krte\u010dka\u201c v raketopl\u00e1nu Endeavour STS-134 na Mezin\u00e1rodn\u00ed kosmickou stanici ISS spole\u010dn\u011b s americk\u00fdm astronautem Andrewem Feustelem.<\/p>\n<p><strong>pond\u011bl\u00ed 28. 3. 2011<\/strong><br \/>\nKrajsk\u00e1 knihovna Pardubice<br \/>\nDva programov\u00e9 bloky pro z\u00e1kladn\u00ed \u0161koly<\/p>\n<p><strong>\u00fater\u00fd 29. 3. 2011<\/strong><br \/>\nMahenova knihovna Brno<br \/>\nDva programov\u00e9 bloky pro z\u00e1kladn\u00ed \u0161koly<\/p>\n<p><strong>\u00fater\u00fd 5. 4. 2011<\/strong><br \/>\nN\u00e1rodn\u00ed technick\u00e9 muzeum Praha<br \/>\nDva programov\u00e9 bloky pro z\u00e1kladn\u00ed \u0161koly + vypou\u0161t\u011bn\u00ed pap\u00edrov\u00fdch raket<\/p>\n<p><strong>st\u0159eda 6. 4. 2011<\/strong><br \/>\nN\u00e1rodn\u00ed technick\u00e9 muzeum Praha<br \/>\nDva programov\u00e9 bloky pro z\u00e1kladn\u00ed \u0161koly\u00a0 + vypou\u0161t\u011bn\u00ed pap\u00edrov\u00fdch raket<\/p>\n<p><strong>p\u00e1tek 8. 4. 2011<\/strong><br \/>\nMahenova knihovna Brno<br \/>\nDva programov\u00e9 bloky pro z\u00e1kladn\u00ed \u0161koly (6)<\/p>\n<p><strong>\u010dtvrtek 14. 4. 2011, 17:30 <\/strong><br \/>\n<strong>Panelov\u00e1 diskuse pro ve\u0159ejnost na t\u00e9ma historie a sou\u010dasnost raketopl\u00e1n\u016f<\/strong> (J. Kol\u00e1\u0159, A. V\u00edtek, T. P\u0159ibyl)<\/p>\n","protected":false},"excerpt":{"rendered":"<p>Americk\u00e9 centrum ve spolupr\u00e1ci s \u010ceskou kosmickou kancel\u00e1\u0159\u00ed p\u0159ipravilo s\u00e9rii program\u016f pro d\u011bti i ve\u0159ejnost. 15. 3. \u2014 30. 4. 2011, 17:30 hodin V\u00fdstava Vzh\u016fru ke hv\u011bzd\u00e1m! Americk\u00e9 centrum, Tr\u017ei\u0161t\u011b 13, Praha 1 V\u00fdstava Milana Halouska, vedouc\u00edho vzd\u011bl\u00e1v\u00e1c\u00edch program\u016f \u010cesk\u00e9 &hellip; <a href=\"https:\/\/www.dokosmuskrtkem.cz\/wordpress\/?page_id=48\">Cel\u00fd p\u0159\u00edsp\u011bvek <span class=\"meta-nav\">&rarr;<\/span><\/a><\/p>\n","protected":false},"author":222,"featured_media":0,"parent":0,"menu_order":0,"comment_status":"closed","ping_status":"open","template":"","meta":{"footnotes":""},"class_list":["post-48","page","type-page","status-publish","hentry"],"_links":{"self":[{"href":"https:\/\/www.dokosmuskrtkem.cz\/wordpress\/index.php?rest_route=\/wp\/v2\/pages\/48","targetHints":{"allow":["GET"]}}],"collection":[{"href":"https:\/\/www.dokosmuskrtkem.cz\/wordpress\/index.php?rest_route=\/wp\/v2\/pages"}],"about":[{"href":"https:\/\/www.dokosmuskrtkem.cz\/wordpress\/index.php?rest_route=\/wp\/v2\/types\/page"}],"author":[{"embeddable":true,"href":"https:\/\/www.dokosmuskrtkem.cz\/wordpress\/index.php?rest_route=\/wp\/v2\/users\/222"}],"replies":[{"embeddable":true,"href":"https:\/\/www.dokosmuskrtkem.cz\/wordpress\/index.php?rest_route=%2Fwp%2Fv2%2Fcomments&post=48"}],"version-history":[{"count":13,"href":"https:\/\/www.dokosmuskrtkem.cz\/wordpress\/index.php?rest_route=\/wp\/v2\/pages\/48\/revisions"}],"predecessor-version":[{"id":80,"href":"https:\/\/www.dokosmuskrtkem.cz\/wordpress\/index.php?rest_route=\/wp\/v2\/pages\/48\/revisions\/80"}],"wp:attachment":[{"href":"https:\/\/www.dokosmuskrtkem.cz\/wordpress\/index.php?rest_route=%2Fwp%2Fv2%2Fmedia&parent=48"}],"curies":[{"name":"wp","href":"https:\/\/api.w.org\/{rel}","templated":true}]}}