{"id":536,"date":"2011-04-07T14:54:08","date_gmt":"2011-04-07T14:54:08","guid":{"rendered":"http:\/\/www.dokosmuskrtkem.cz\/wordpress\/?page_id=536"},"modified":"2011-04-07T14:59:32","modified_gmt":"2011-04-07T14:59:32","slug":"little-mole-jets-off-to-space-with-nasa","status":"publish","type":"page","link":"https:\/\/www.dokosmuskrtkem.cz\/wordpress\/?page_id=536","title":{"rendered":"Little Mole Jets Off to Space with NASA"},"content":{"rendered":"<h3>Moravsk\u00e1 \u00fast\u0159edna BRNO explains how their plush toy of Zden\u011bk Miler&#8217;s classic cartoon animal is heading for the stars<\/h3>\n<p><img loading=\"lazy\" decoding=\"async\" class=\"alignright size-full wp-image-113\" title=\"Logo Moravsk\u00e9 \u00fast\u0159edny Brno\" src=\"https:\/\/www.dokosmuskrtkem.cz\/wordpress\/wp-content\/uploads\/Logo_MUBrno_hracky.jpg\" alt=\"Logo Moravsk\u00e9 \u00fast\u0159edny Brno\" width=\"200\" height=\"210\" \/>November 10, 2010 was shaping up to be like any normal working day for the staff of MU Brno, our children\u2019s toy company in South Moravia. Then, however, the firm received a mysterious phone call from two gentlemen based at the US Embassy\u2019s American Center in Prague who said they were ringing on behalf of the Astronomical Institute of the Czech Academy of Sciences.\u00a0 Previously unknown to us, Miroslav Konvalina and Pavel Suchan asked if they could get hold of one of the official plush toys of the famous Czech cartoon character Krtek, known as Little Mole in English, which we produce.\u00a0 This would not be a strange request, , but they went on to reveal that they wanted to send the cuddly toy to an American astronaut\u00a0 Andrew Feustel, whose family has roots in the Czech Republic and who decided that the Little Mole, character created by Czech animator Zden\u011bk Miler, would be the perfect travel companion on his forthcoming space mission.<\/p>\n<p>They believed that the Little Mole was the best representative of the Czech Republic for the last flight of the Endeavour Space Shuttle. Mr. Feustel himself said he would pack the lovable little toy along with his personal items he will take onboard the space shuttle. He expressed hope that the Little Mole would bring his mission luck, but primarily remind him of the fantastic welcome and hospitality received by him and his family the last time they visited the Czech Republic in 2009.<\/p>\n<p>It was clear from the beginning that we weren\u2019t making any ordinary Krtek, of which we have already produced hundreds of thousands, but a special model that complied with NASA&#8217;s strict regulations. Although we would stick truthfully to Mr. Miler\u2019s original creation, this particular plush Little Mole had to respect\u00a0 NASA&#8217;s space flight rules and also the requirements of the gentlemen from the Astronomical Institute:the toy\u00b4s dimensions had to comply with the size restrictions on\u00a0 the astronaut\u00b4s luggage and the materials used had to be non-flammable.<\/p>\n<div id=\"attachment_173\" style=\"width: 310px\" class=\"wp-caption alignright\"><img loading=\"lazy\" decoding=\"async\" aria-describedby=\"caption-attachment-173\" class=\"size-medium wp-image-173\" title=\"Miroslav Konvalina and Pavel Suchan with the Little Moles from Moravsk\u00e1 \u00fast\u0159edna Brno in the American Center\" src=\"https:\/\/www.dokosmuskrtkem.cz\/wordpress\/wp-content\/uploads\/krtciAC-300x227.jpg\" alt=\"Miroslav Konvalina and Pavel Suchan with the Little Moles from Moravsk\u00e1 \u00fast\u0159edna Brno in the American Center\" width=\"300\" height=\"227\" srcset=\"https:\/\/www.dokosmuskrtkem.cz\/wordpress\/wp-content\/uploads\/krtciAC-300x227.jpg 300w, https:\/\/www.dokosmuskrtkem.cz\/wordpress\/wp-content\/uploads\/krtciAC.jpg 800w\" sizes=\"auto, (max-width: 300px) 100vw, 300px\" \/><p id=\"caption-attachment-173\" class=\"wp-caption-text\">Miroslav Konvalina and Pavel Suchan with the Little Moles from Moravsk\u00e1 \u00fast\u0159edna Brno in the American Center<\/p><\/div>\n<p>Although the flight itself was still far away, Mr. Konvalina and Mr. Suchan conveyed the wishes of the Houston Mission Control Center that the sample had to\u00a0 be sent to the US almost immediately so that NASA&#8217;s internal deadlines could be met. Whether NASA would approve of Krtek\u00b4s voyage onboard the Endeavour space shuttle was, at that point, anyone&#8217;s guess, but we were carried away by the enthusiasm of the Feustels and the two gentlemen whose phone call had started the whole affair.<\/p>\n<p>Despite the rather strange nature of the request, we did not hesite to take on the task. As soon as we learnt that Mr. Miler had agreed to the plan, it was a challenge we couldn&#8217;t turn down for a number of reasons:<\/p>\n<p>Firstly, in the Czech society, the Little Mole represents good characteristics that are often lost in today\u2019s hurried and aggressive world and our hectic lifestyles. Mr. Miler&#8217;s cartoons are comprehensible to children all over the world without the necessity of dubbing because of their beautiful craftsmanship, themes and the fact that the characters communicate in sounds rather than words. The topics are timeless, understandable and genuinely delightful.<\/p>\n<p>Furthermore, due to our 26-year-long association with Mr. Miler and the fact that we sell the Little Mole soft toys across 15 countries, we know there is huge interest in Krtek who acts as a dignified ambassador for our country and its author.\u00a0 We can witness Krtek\u2019s success across all cultural when he recently became a huge hit at the Shanghai Expo.<\/p>\n<p>As a result of a combination of circumstances, the final flight of Endeavour now happens to coincide with several important dates connected to Little Mole: In 2011, Mr. Miler celebrated his own 90th birthday in February and his most famous character will celebrate his 55th birthday towards the end of the year.<\/p>\n<p>But back to the development of the Little Mole for Andrew Feustel.<\/p>\n<p><img loading=\"lazy\" decoding=\"async\" class=\"alignright size-medium wp-image-176\" title=\"Andrew Feustel with the Little Mole on board the NASA shuttle simulator at Houston\" src=\"https:\/\/www.dokosmuskrtkem.cz\/wordpress\/wp-content\/uploads\/Andrew-Feustel-Krtek5001-300x210.jpg\" alt=\"Andrew Feustel with the Little Mole on board the NASA shuttle simulator at Houston\" width=\"300\" height=\"210\" srcset=\"https:\/\/www.dokosmuskrtkem.cz\/wordpress\/wp-content\/uploads\/Andrew-Feustel-Krtek5001-300x210.jpg 300w, https:\/\/www.dokosmuskrtkem.cz\/wordpress\/wp-content\/uploads\/Andrew-Feustel-Krtek5001.jpg 500w\" sizes=\"auto, (max-width: 300px) 100vw, 300px\" \/>Little Mole soft toys have been made in our Brno-based company for 26 years, but in our contract there is no mention of orbits, outer space or astronaut\u2019s equipment. The first task was therefore to seek Mr. Miler&#8217;s agreement and then double check that the design for the new Krtek met his approval. After a series of phone calls and emails, we quickly managed to deal with the other contract details and the production of the toy itself could begin.<br \/>\nThe basis for this special version comes from the existing prototypes of the Little Mole which our designers modified for the requested size, shape and functionality.<\/p>\n<p>Electronic validation followed and on November 12, 2010 NASA-ready Little Mole left for Prague for his pre-flight preparations for his journey to the US. It was only a couple of days later that we received the first photo from Mr. Konvalina and Mr. Suchan, showing our special soft toy smiling at American astronauts inside the space shuttle simulator in Houston.<\/p>\n<p>We believe that all will end well and that we will get to see one of Mr. Miler\u2019s first Little Mole stories &#8211; in which the character heads off to space in a rocket &#8211; happen in real life.<br \/>\nOn behalf of Moravsk\u00e1 \u00fast\u0159edna Brno we are delighted that we could help make a fairytale come true for our long-time little friend and his prestigious creator.<\/p>\n","protected":false},"excerpt":{"rendered":"<p>Moravsk\u00e1 \u00fast\u0159edna BRNO explains how their plush toy of Zden\u011bk Miler&#8217;s classic cartoon animal is heading for the stars November 10, 2010 was shaping up to be like any normal working day for the staff of MU Brno, our children\u2019s &hellip; <a href=\"https:\/\/www.dokosmuskrtkem.cz\/wordpress\/?page_id=536\">Cel\u00fd p\u0159\u00edsp\u011bvek <span class=\"meta-nav\">&rarr;<\/span><\/a><\/p>\n","protected":false},"author":222,"featured_media":0,"parent":0,"menu_order":0,"comment_status":"closed","ping_status":"open","template":"","meta":{"footnotes":""},"class_list":["post-536","page","type-page","status-publish","hentry"],"_links":{"self":[{"href":"https:\/\/www.dokosmuskrtkem.cz\/wordpress\/index.php?rest_route=\/wp\/v2\/pages\/536","targetHints":{"allow":["GET"]}}],"collection":[{"href":"https:\/\/www.dokosmuskrtkem.cz\/wordpress\/index.php?rest_route=\/wp\/v2\/pages"}],"about":[{"href":"https:\/\/www.dokosmuskrtkem.cz\/wordpress\/index.php?rest_route=\/wp\/v2\/types\/page"}],"author":[{"embeddable":true,"href":"https:\/\/www.dokosmuskrtkem.cz\/wordpress\/index.php?rest_route=\/wp\/v2\/users\/222"}],"replies":[{"embeddable":true,"href":"https:\/\/www.dokosmuskrtkem.cz\/wordpress\/index.php?rest_route=%2Fwp%2Fv2%2Fcomments&post=536"}],"version-history":[{"count":5,"href":"https:\/\/www.dokosmuskrtkem.cz\/wordpress\/index.php?rest_route=\/wp\/v2\/pages\/536\/revisions"}],"predecessor-version":[{"id":541,"href":"https:\/\/www.dokosmuskrtkem.cz\/wordpress\/index.php?rest_route=\/wp\/v2\/pages\/536\/revisions\/541"}],"wp:attachment":[{"href":"https:\/\/www.dokosmuskrtkem.cz\/wordpress\/index.php?rest_route=%2Fwp%2Fv2%2Fmedia&parent=536"}],"curies":[{"name":"wp","href":"https:\/\/api.w.org\/{rel}","templated":true}]}}