{"id":547,"date":"2011-04-11T19:38:21","date_gmt":"2011-04-11T19:38:21","guid":{"rendered":"http:\/\/www.dokosmuskrtkem.cz\/wordpress\/?page_id=547"},"modified":"2011-04-11T19:38:21","modified_gmt":"2011-04-11T19:38:21","slug":"zdenek-miler-%e2%80%93-little-mole-and-the-spaceship","status":"publish","type":"page","link":"https:\/\/www.dokosmuskrtkem.cz\/wordpress\/?page_id=547","title":{"rendered":"Zden\u011bk Miler \u2013 Little Mole and the Spaceship"},"content":{"rendered":"<div id=\"attachment_303\" style=\"width: 220px\" class=\"wp-caption alignright\"><a href=\"https:\/\/www.dokosmuskrtkem.cz\/wordpress\/wp-content\/uploads\/filmkrtek210x1701.jpg\"><img loading=\"lazy\" decoding=\"async\" aria-describedby=\"caption-attachment-303\" class=\"size-full wp-image-303\" title=\" Little Mole and the Spaceship\" src=\"https:\/\/www.dokosmuskrtkem.cz\/wordpress\/wp-content\/uploads\/filmkrtek210x1701.jpg\" alt=\" Little Mole and the Spaceship\" width=\"210\" height=\"170\" \/><\/a><p id=\"caption-attachment-303\" class=\"wp-caption-text\">Little Mole and the Spaceship<\/p><\/div>\n<p>The story of Little Mole and the Spaceship first appeared in 1965 as an animated film. It was Zden\u011bk Miler&#8217;s third film featuring the character of Mole. The first was How the Mole Got His Trousers (1959), followed by Little Mole and the Car (1963). Zden\u011bk Miler wrote the story and screenplay, created the artwork for the film and directed it. Little Mole and the Spaceship is thus an auteur film.<\/p>\n<p>In Little Mole and the Spaceship, Mole discovers an unknown object under the ground \u2013 a space ship. Curious, he climbs into it and finds it has a large button inside. What happens if he presses it? Is it a bell? He is a little afraid, but in the end pushes it. Instead of a bell, however, he hears a sssshh, rattattat, boom boom\u2026 The space ship starts up and shoots up into the clouds\u2026 Mole had this adventure in 1965. Not in his wildest dreams did his author think that 46 years later, a stuffed Mole would be heading into space for real\u2026<\/p>\n<p>After the film, Miler also created Little Mole and the Spaceship in book form, and it was first published in the same year. It is the only Mole book for which Miler also wrote the text, as well as drawing the pictures.<\/p>\n<p>The book has been translated into a number of languages \u2013 German, English, Hungarian, Finnish, Russian and Chinese \u2013 and a Japanese edition is planned. Little Mole and the Spaceship has entertained audiences both young and old in numerous countries in Europe, Asia and Africa.<\/p>\n<p>Milena Fischerov\u00e1<br \/>\nLegal representative of the author<br \/>\nPrague, 2 March 2011<\/p>\n","protected":false},"excerpt":{"rendered":"<p>The story of Little Mole and the Spaceship first appeared in 1965 as an animated film. It was Zden\u011bk Miler&#8217;s third film featuring the character of Mole. The first was How the Mole Got His Trousers (1959), followed by Little &hellip; <a href=\"https:\/\/www.dokosmuskrtkem.cz\/wordpress\/?page_id=547\">Cel\u00fd p\u0159\u00edsp\u011bvek <span class=\"meta-nav\">&rarr;<\/span><\/a><\/p>\n","protected":false},"author":222,"featured_media":0,"parent":0,"menu_order":0,"comment_status":"closed","ping_status":"open","template":"","meta":{"footnotes":""},"class_list":["post-547","page","type-page","status-publish","hentry"],"_links":{"self":[{"href":"https:\/\/www.dokosmuskrtkem.cz\/wordpress\/index.php?rest_route=\/wp\/v2\/pages\/547","targetHints":{"allow":["GET"]}}],"collection":[{"href":"https:\/\/www.dokosmuskrtkem.cz\/wordpress\/index.php?rest_route=\/wp\/v2\/pages"}],"about":[{"href":"https:\/\/www.dokosmuskrtkem.cz\/wordpress\/index.php?rest_route=\/wp\/v2\/types\/page"}],"author":[{"embeddable":true,"href":"https:\/\/www.dokosmuskrtkem.cz\/wordpress\/index.php?rest_route=\/wp\/v2\/users\/222"}],"replies":[{"embeddable":true,"href":"https:\/\/www.dokosmuskrtkem.cz\/wordpress\/index.php?rest_route=%2Fwp%2Fv2%2Fcomments&post=547"}],"version-history":[{"count":1,"href":"https:\/\/www.dokosmuskrtkem.cz\/wordpress\/index.php?rest_route=\/wp\/v2\/pages\/547\/revisions"}],"predecessor-version":[{"id":548,"href":"https:\/\/www.dokosmuskrtkem.cz\/wordpress\/index.php?rest_route=\/wp\/v2\/pages\/547\/revisions\/548"}],"wp:attachment":[{"href":"https:\/\/www.dokosmuskrtkem.cz\/wordpress\/index.php?rest_route=%2Fwp%2Fv2%2Fmedia&parent=547"}],"curies":[{"name":"wp","href":"https:\/\/api.w.org\/{rel}","templated":true}]}}