{"id":556,"date":"2011-04-12T12:24:20","date_gmt":"2011-04-12T12:24:20","guid":{"rendered":"http:\/\/www.dokosmuskrtkem.cz\/wordpress\/?page_id=556"},"modified":"2011-06-02T08:31:46","modified_gmt":"2011-06-02T08:31:46","slug":"zdenek-miler-im-sending-the-astronaut-little-mole-for-luck","status":"publish","type":"page","link":"https:\/\/www.dokosmuskrtkem.cz\/wordpress\/?page_id=556","title":{"rendered":"Zden\u011bk Miler: I&#8217;m Sending the Astronaut Little Mole for Luck"},"content":{"rendered":"<div id=\"attachment_125\" style=\"width: 310px\" class=\"wp-caption alignright\"><img loading=\"lazy\" decoding=\"async\" aria-describedby=\"caption-attachment-125\" class=\"size-full wp-image-125\" title=\"Zden\u011bk Miler's Greeting to Andrew Feustel\" src=\"https:\/\/www.dokosmuskrtkem.cz\/wordpress\/wp-content\/uploads\/letter3001.jpg\" alt=\"Zden\u011bk Miler's Greeting to Andrew Feustel\" width=\"300\" height=\"210\" \/><p id=\"caption-attachment-125\" class=\"wp-caption-text\">Zden\u011bk Miler&#39;s Greeting to Andrew Feustel<\/p><\/div>\n<p>One November day Zden\u011bk Miler (90), the creator of the popular Little Mole films and books, including Little Mole and the Spaceship, received an unexpected piece of news. An American astronaut wanted to take a toy Mole into space on his last space shuttle flight. The astronaut, Andrew Feustel, chose Mole as a lucky talisman after consulting his family and Czech friends.<\/p>\n<p>Since Mr. Miller has brought joy to children and adults his whole life with his Mole stories, he was extremely pleased that a little stuffed Mole would be going with an American astronaut on this demanding mission, and would be keeping him company when he was far from home.<\/p>\n<p>It soon became clear that a unique stuffed Mole would need to be made for the space journey, and so Mr. Miller agreed that Mole could be altered in order to fit into the astronaut&#8217;s personal effects pack, and to meet other NASA requirements. It was not long before the first photographs from the training centre in Houston arrived.<\/p>\n<p>Zden\u011bk Miler was able to see how Mole, with his unique smile, underwent tests on the space shuttle&#8217;s simulator. One of the photographs showed Mole with the commander of the space shuttle Endeavour, Mark Kelly \u2013 the husband of the wounded congresswoman Gabrielle Giffords. The crew will need Mole&#8217;s optimism more than it initially seemed.<\/p>\n<p>Mr. Miler has never met Andrew Feustel, but he has his fingers crossed for the mission. He was pleased to be able to send the Feustels a signed copy of Little Mole and the Spaceship for Christmas, in English translation. Zden\u011bk Miler is also happy that the project \u201cInto Space With Little Mole\u201d will be accompanied by various educational activities for children in various towns around the Czech Republic.<\/p>\n<p>A further connection between Mole and the STS \u2013 134 mission was created when a special logo for Into Space With Little Mole was created, to which Mr. Miler devoted a lot of attention.<\/p>\n<p>When the most recent date of the space shuttle Endeavour&#8217;s expected launch was announced, Zden\u011bk Miler filmed a video greeting: \u201cI&#8217;d like to say hello to all the children in America, and I&#8217;m sending Little Mole to the astronaut Andrew Feustel for luck.\u201d<\/p>\n","protected":false},"excerpt":{"rendered":"<p>One November day Zden\u011bk Miler (90), the creator of the popular Little Mole films and books, including Little Mole and the Spaceship, received an unexpected piece of news. An American astronaut wanted to take a toy Mole into space on &hellip; <a href=\"https:\/\/www.dokosmuskrtkem.cz\/wordpress\/?page_id=556\">Cel\u00fd p\u0159\u00edsp\u011bvek <span class=\"meta-nav\">&rarr;<\/span><\/a><\/p>\n","protected":false},"author":222,"featured_media":0,"parent":0,"menu_order":0,"comment_status":"open","ping_status":"open","template":"","meta":{"footnotes":""},"class_list":["post-556","page","type-page","status-publish","hentry"],"_links":{"self":[{"href":"https:\/\/www.dokosmuskrtkem.cz\/wordpress\/index.php?rest_route=\/wp\/v2\/pages\/556","targetHints":{"allow":["GET"]}}],"collection":[{"href":"https:\/\/www.dokosmuskrtkem.cz\/wordpress\/index.php?rest_route=\/wp\/v2\/pages"}],"about":[{"href":"https:\/\/www.dokosmuskrtkem.cz\/wordpress\/index.php?rest_route=\/wp\/v2\/types\/page"}],"author":[{"embeddable":true,"href":"https:\/\/www.dokosmuskrtkem.cz\/wordpress\/index.php?rest_route=\/wp\/v2\/users\/222"}],"replies":[{"embeddable":true,"href":"https:\/\/www.dokosmuskrtkem.cz\/wordpress\/index.php?rest_route=%2Fwp%2Fv2%2Fcomments&post=556"}],"version-history":[{"count":4,"href":"https:\/\/www.dokosmuskrtkem.cz\/wordpress\/index.php?rest_route=\/wp\/v2\/pages\/556\/revisions"}],"predecessor-version":[{"id":879,"href":"https:\/\/www.dokosmuskrtkem.cz\/wordpress\/index.php?rest_route=\/wp\/v2\/pages\/556\/revisions\/879"}],"wp:attachment":[{"href":"https:\/\/www.dokosmuskrtkem.cz\/wordpress\/index.php?rest_route=%2Fwp%2Fv2%2Fmedia&parent=556"}],"curies":[{"name":"wp","href":"https:\/\/api.w.org\/{rel}","templated":true}]}}