{"id":61,"date":"2011-03-08T15:31:02","date_gmt":"2011-03-08T15:31:02","guid":{"rendered":"http:\/\/www.dokosmuskrtkem.cz\/wordpress\/?page_id=61"},"modified":"2011-03-21T10:46:29","modified_gmt":"2011-03-21T10:46:29","slug":"kontakt","status":"publish","type":"page","link":"https:\/\/www.dokosmuskrtkem.cz\/wordpress\/?page_id=61","title":{"rendered":"Kontakt"},"content":{"rendered":"<p><strong>Miroslav Konvalina<\/strong><br \/>\nAmerick\u00e9 centrum<br \/>\nTr\u017ei\u0161t\u011b 13<br \/>\nPraha 1 \u2014 Mal\u00e1 Strana<br \/>\n<a href=\"http:\/\/www.americkecentrum.cz\" target=\"_blank\">www.americkecentrum.cz<\/a><br \/>\nE-mail: <a href=\"mailto:KonvalinaM@state.gov\">KonvalinaM@state.gov<\/a><br \/>\nTelefon: 257 022 328<\/p>\n<p><strong>Pavel Suchan<\/strong><br \/>\nAstronomick\u00fd \u00fastav AV CR, v.v.i.<br \/>\nBo\u010dn\u00ed II 1401<br \/>\n141 31 Praha 4<br \/>\n<a href=\"http:\/\/www.asu.cas.cz\" target=\"_blank\">www.asu.cas.cz<\/a><br \/>\nE-mail: <a href=\"mailto:suchan@astro.cz\">suchan@astro.cz<\/a><br \/>\nTelefon: 267 103 040, 737 322 815<\/p>\n<p><strong>Milan Halousek<\/strong><br \/>\n\u010cesk\u00e1 kosmick\u00e1 kancel\u00e1\u0159<br \/>\n<a href=\"http:\/\/www.czechspace.cz\/\" target=\"_blank\">www.czechspace.cz<\/a><br \/>\nE-mail: <a href=\"mailto:halousek@czechspace.cz\">halousek@czechspace.cz<\/a><br \/>\nTelefon: 602 153 564<\/p>\n","protected":false},"excerpt":{"rendered":"<p>Miroslav Konvalina Americk\u00e9 centrum Tr\u017ei\u0161t\u011b 13 Praha 1 \u2014 Mal\u00e1 Strana www.americkecentrum.cz E-mail: KonvalinaM@state.gov Telefon: 257 022 328 Pavel Suchan Astronomick\u00fd \u00fastav AV CR, v.v.i. Bo\u010dn\u00ed II 1401 141 31 Praha 4 www.asu.cas.cz E-mail: suchan@astro.cz Telefon: 267 103 040, 737 &hellip; <a href=\"https:\/\/www.dokosmuskrtkem.cz\/wordpress\/?page_id=61\">Cel\u00fd p\u0159\u00edsp\u011bvek <span class=\"meta-nav\">&rarr;<\/span><\/a><\/p>\n","protected":false},"author":222,"featured_media":0,"parent":0,"menu_order":0,"comment_status":"open","ping_status":"open","template":"","meta":{"footnotes":""},"class_list":["post-61","page","type-page","status-publish","hentry"],"_links":{"self":[{"href":"https:\/\/www.dokosmuskrtkem.cz\/wordpress\/index.php?rest_route=\/wp\/v2\/pages\/61","targetHints":{"allow":["GET"]}}],"collection":[{"href":"https:\/\/www.dokosmuskrtkem.cz\/wordpress\/index.php?rest_route=\/wp\/v2\/pages"}],"about":[{"href":"https:\/\/www.dokosmuskrtkem.cz\/wordpress\/index.php?rest_route=\/wp\/v2\/types\/page"}],"author":[{"embeddable":true,"href":"https:\/\/www.dokosmuskrtkem.cz\/wordpress\/index.php?rest_route=\/wp\/v2\/users\/222"}],"replies":[{"embeddable":true,"href":"https:\/\/www.dokosmuskrtkem.cz\/wordpress\/index.php?rest_route=%2Fwp%2Fv2%2Fcomments&post=61"}],"version-history":[{"count":6,"href":"https:\/\/www.dokosmuskrtkem.cz\/wordpress\/index.php?rest_route=\/wp\/v2\/pages\/61\/revisions"}],"predecessor-version":[{"id":213,"href":"https:\/\/www.dokosmuskrtkem.cz\/wordpress\/index.php?rest_route=\/wp\/v2\/pages\/61\/revisions\/213"}],"wp:attachment":[{"href":"https:\/\/www.dokosmuskrtkem.cz\/wordpress\/index.php?rest_route=%2Fwp%2Fv2%2Fmedia&parent=61"}],"curies":[{"name":"wp","href":"https:\/\/api.w.org\/{rel}","templated":true}]}}